{"id":7832,"date":"2025-06-20T14:44:42","date_gmt":"2025-06-20T14:44:42","guid":{"rendered":"https:\/\/kaiboi.com\/?page_id=7832"},"modified":"2025-06-22T10:55:26","modified_gmt":"2025-06-22T10:55:26","slug":"marine-anchor-winch-gearbox-2","status":"publish","type":"page","link":"https:\/\/kaiboi.com\/es\/marine-anchor-winch-gearbox-2\/","title":{"rendered":"caja de engranajes de molinete de ancla marino"},"content":{"rendered":"<div data-elementor-type=\"wp-page\" data-elementor-id=\"7832\" class=\"elementor elementor-7832\" data-elementor-post-type=\"page\">\n\t\t\t\t<div class=\"elementor-element elementor-element-96af26f e-flex e-con-boxed e-con e-parent\" data-id=\"96af26f\" data-element_type=\"container\" data-e-type=\"container\">\n\t\t\t\t\t<div class=\"e-con-inner\">\n\t\t<div class=\"elementor-element elementor-element-0a6084a e-con-full e-flex e-con e-child\" data-id=\"0a6084a\" data-element_type=\"container\" data-e-type=\"container\">\n\t\t\t\t<div class=\"elementor-element elementor-element-6bc893c elementor-widget__width-initial elementor-widget elementor-widget-heading\" data-id=\"6bc893c\" data-element_type=\"widget\" data-e-type=\"widget\" data-widget_type=\"heading.default\">\n\t\t\t\t<div class=\"elementor-widget-container\">\n\t\t\t\t\t<h1 class=\"elementor-heading-title elementor-size-default\">Caja de engranajes de molinete de ancla marino<\/h1>\t\t\t\t<\/div>\n\t\t\t\t<\/div>\n\t\t\t\t<div class=\"elementor-element elementor-element-733bb23 elementor-widget__width-initial elementor-widget elementor-widget-text-editor\" data-id=\"733bb23\" data-element_type=\"widget\" data-e-type=\"widget\" data-widget_type=\"text-editor.default\">\n\t\t\t\t<div class=\"elementor-widget-container\">\n\t\t\t\t\t\t\t\t\t<p>La caja de engranajes para molinete de ancla marino de KAIBO cuenta con engranajes de aleaci\u00f3n de precisi\u00f3n, carcasa de hierro d\u00factil resistente a la corrosi\u00f3n y lubricaci\u00f3n avanzada. Con certificaci\u00f3n ISO 9001 y DNV, es ideal para buques mercantes, plataformas marinas y proyectos mar\u00edtimos. Los dise\u00f1os personalizados, la r\u00e1pida entrega est\u00e1ndar y la asistencia 24 horas al d\u00eda, 7 d\u00edas a la semana garantizan soluciones de transmisi\u00f3n fiables y robustas.<\/p>\t\t\t\t\t\t\t\t<\/div>\n\t\t\t\t<\/div>\n\t\t\t\t<div class=\"elementor-element elementor-element-ebe54e5 elementor-align-left elementor-widget elementor-widget-button\" data-id=\"ebe54e5\" data-element_type=\"widget\" data-e-type=\"widget\" data-widget_type=\"button.default\">\n\t\t\t\t<div class=\"elementor-widget-container\">\n\t\t\t\t\t\t\t\t\t<div class=\"elementor-button-wrapper\">\n\t\t\t\t\t<a class=\"elementor-button elementor-button-link elementor-size-sm\" href=\"https:\/\/kaiboi.com\/es\/products\/\">\n\t\t\t\t\t\t<span class=\"elementor-button-content-wrapper\">\n\t\t\t\t\t\t\t\t\t<span class=\"elementor-button-text\">M\u00c1S PRODUCTOS<\/span>\n\t\t\t\t\t<\/span>\n\t\t\t\t\t<\/a>\n\t\t\t\t<\/div>\n\t\t\t\t\t\t\t\t<\/div>\n\t\t\t\t<\/div>\n\t\t\t\t<\/div>\n\t\t<div class=\"elementor-element elementor-element-ce179ef e-con-full e-flex e-con e-child\" data-id=\"ce179ef\" data-element_type=\"container\" data-e-type=\"container\">\n\t\t\t\t<div class=\"elementor-element elementor-element-ae02866 elementor-widget__width-initial elementor-widget elementor-widget-image\" data-id=\"ae02866\" data-element_type=\"widget\" data-e-type=\"widget\" data-widget_type=\"image.default\">\n\t\t\t\t<div class=\"elementor-widget-container\">\n\t\t\t\t\t\t\t\t\t\t\t\t\t\t\t<img data-opt-id=775617798  fetchpriority=\"high\" decoding=\"async\" width=\"1390\" height=\"1056\" src=\"https:\/\/mltsnlgrb38g.i.optimole.com\/cb:AU9O.daf\/w:1390\/h:1056\/q:mauto\/f:best\/https:\/\/kaiboi.com\/wp-content\/uploads\/2025\/06\/Marine-Anchor-Winch-gearbox.jpg\" class=\"attachment-full size-full wp-image-7576\" alt=\"KAIBO Product Display Images-Caja de engranajes para molinete de ancla marino\" srcset=\"https:\/\/mltsnlgrb38g.i.optimole.com\/cb:AU9O.daf\/w:1390\/h:1056\/q:mauto\/f:best\/https:\/\/kaiboi.com\/wp-content\/uploads\/2025\/06\/Marine-Anchor-Winch-gearbox.jpg 1390w, https:\/\/mltsnlgrb38g.i.optimole.com\/cb:AU9O.daf\/w:300\/h:228\/q:mauto\/f:best\/https:\/\/kaiboi.com\/wp-content\/uploads\/2025\/06\/Marine-Anchor-Winch-gearbox.jpg 300w, https:\/\/mltsnlgrb38g.i.optimole.com\/cb:AU9O.daf\/w:600\/h:456\/q:mauto\/f:best\/https:\/\/kaiboi.com\/wp-content\/uploads\/2025\/06\/Marine-Anchor-Winch-gearbox.jpg 600w, https:\/\/mltsnlgrb38g.i.optimole.com\/cb:AU9O.daf\/w:768\/h:583\/q:mauto\/f:best\/https:\/\/kaiboi.com\/wp-content\/uploads\/2025\/06\/Marine-Anchor-Winch-gearbox.jpg 768w, https:\/\/mltsnlgrb38g.i.optimole.com\/cb:AU9O.daf\/w:1390\/h:1056\/q:mauto\/f:best\/dpr:2\/https:\/\/kaiboi.com\/wp-content\/uploads\/2025\/06\/Marine-Anchor-Winch-gearbox.jpg 2x\" sizes=\"(max-width: 1200px) 100vw, 1200px\" \/>\t\t\t\t\t\t\t\t\t\t\t\t\t\t\t<\/div>\n\t\t\t\t<\/div>\n\t\t\t\t<\/div>\n\t\t\t\t\t<\/div>\n\t\t\t\t<\/div>\n\t\t<div class=\"elementor-element elementor-element-dac4a45 e-flex e-con-boxed e-con e-parent\" data-id=\"dac4a45\" data-element_type=\"container\" data-e-type=\"container\">\n\t\t\t\t\t<div class=\"e-con-inner\">\n\t\t\t\t<div class=\"elementor-element elementor-element-f69f4a6 elementor-widget-divider--view-line elementor-widget elementor-widget-divider\" data-id=\"f69f4a6\" data-element_type=\"widget\" data-e-type=\"widget\" data-widget_type=\"divider.default\">\n\t\t\t\t<div class=\"elementor-widget-container\">\n\t\t\t\t\t\t\t<div class=\"elementor-divider\">\n\t\t\t<span class=\"elementor-divider-separator\">\n\t\t\t\t\t\t<\/span>\n\t\t<\/div>\n\t\t\t\t\t\t<\/div>\n\t\t\t\t<\/div>\n\t\t\t\t\t<\/div>\n\t\t\t\t<\/div>\n\t\t<div class=\"elementor-element elementor-element-bd3ebf5 e-flex e-con-boxed e-con e-parent\" data-id=\"bd3ebf5\" data-element_type=\"container\" data-e-type=\"container\">\n\t\t\t\t\t<div class=\"e-con-inner\">\n\t\t<div class=\"elementor-element elementor-element-91babad e-con-full e-flex e-con e-child\" data-id=\"91babad\" data-element_type=\"container\" data-e-type=\"container\">\n\t\t\t\t<div class=\"elementor-element elementor-element-69a972e elementor-widget__width-initial elementor-widget elementor-widget-elementskit-heading\" data-id=\"69a972e\" data-element_type=\"widget\" data-e-type=\"widget\" data-widget_type=\"elementskit-heading.default\">\n\t\t\t\t<div class=\"elementor-widget-container\">\n\t\t\t\t\t<div class=\"ekit-wid-con\" ><div class=\"ekit-heading elementskit-section-title-wraper text_left   ekit_heading_tablet-   ekit_heading_mobile-\"><h2 class=\"ekit-heading--title elementskit-section-title\">Productos<\/h2>\t\t\t\t<div class='ekit-heading__description'>\n\t\t\t\t\t<p>La caja de engranajes para molinetes de ancla marinos de KAIBO est\u00e1 dise\u00f1ada para aplicaciones marinas pesadas, garantizando un rendimiento fiable en la manipulaci\u00f3n de anclas, el amarre y las operaciones en cubierta. Construida con engranajes de aleaci\u00f3n 18CrNiMo7-6 rectificados con precisi\u00f3n y una robusta carcasa de hierro d\u00factil resistente a la corrosi\u00f3n, ofrece una eficiencia energ\u00e9tica 97% y un funcionamiento silencioso \u226480dB. Con certificaci\u00f3n ISO 9001 y DNV, la caja de engranajes destaca en buques mercantes, plataformas petrol\u00edferas en alta mar, remolcadores portuarios y embarcaciones especiales, proporcionando una transmisi\u00f3n de alto par en entornos de agua salada y alta humedad. Con relaciones de transmisi\u00f3n personalizables y dise\u00f1os multietapa, se adapta a diversos tipos de buques. Los modelos est\u00e1ndar ofrecen una entrega r\u00e1pida en 72 horas para una integraci\u00f3n perfecta en los sistemas marinos.<\/p>\n\t\t\t\t<\/div>\n\t\t\t<\/div><\/div>\t\t\t\t<\/div>\n\t\t\t\t<\/div>\n\t\t\t\t<div class=\"elementor-element elementor-element-fa90103 elementor-widget elementor-widget-heading\" data-id=\"fa90103\" data-element_type=\"widget\" data-e-type=\"widget\" data-widget_type=\"heading.default\">\n\t\t\t\t<div class=\"elementor-widget-container\">\n\t\t\t\t\t<h2 class=\"elementor-heading-title elementor-size-default\">Principales ventajas<\/h2>\t\t\t\t<\/div>\n\t\t\t\t<\/div>\n\t\t\t\t<div class=\"elementor-element elementor-element-7501f82 elementor-widget__width-initial elementor-widget elementor-widget-text-editor\" data-id=\"7501f82\" data-element_type=\"widget\" data-e-type=\"widget\" data-widget_type=\"text-editor.default\">\n\t\t\t\t<div class=\"elementor-widget-container\">\n\t\t\t\t\t\t\t\t\t<ul class=\"auto-hide-last-sibling-br\"><li><strong>Transmisi\u00f3n de alto par con eficiencia 97%<\/strong>: Proporciona un par de 15.000-150.000 N-m para una manipulaci\u00f3n fiable del ancla, reduciendo los costes energ\u00e9ticos en las operaciones mar\u00edtimas.<\/li><li><strong>Resistencia a la corrosi\u00f3n de grado marino<\/strong>: La robusta carcasa de hierro d\u00factil con revestimiento antioxidante y protecci\u00f3n IP66\/IP67 resiste el agua salada y los entornos mar\u00edtimos dif\u00edciles.<\/li><li><strong>Funcionamiento con bajo nivel de ruido (\u226480dB)<\/strong>: El dise\u00f1o optimizado del engranaje cumple la normativa sobre ruido marino, lo que garantiza la comodidad de la tripulaci\u00f3n y el cumplimiento de las normas portuarias.<\/li><li><strong>Calidad certificada ISO 9001 y DNV<\/strong>: Las rigurosas certificaciones internacionales garantizan la fiabilidad de los buques mercantes, las plataformas marinas y los proyectos mar\u00edtimos.<\/li><li><strong>Relaciones de transmisi\u00f3n totalmente personalizables (8-120)<\/strong>: Las configuraciones a medida se adaptan a diferentes tama\u00f1os de embarcaci\u00f3n y requisitos del cabrestante para un control preciso del par.<\/li><li><strong>Entrega r\u00e1pida en 72 horas<\/strong>: Los modelos est\u00e1ndar se env\u00edan en 72 horas, y las soluciones personalizadas est\u00e1n disponibles en 4-6 semanas para reducir al m\u00ednimo el tiempo de inactividad operativa.<\/li><\/ul>\t\t\t\t\t\t\t\t<\/div>\n\t\t\t\t<\/div>\n\t\t\t\t<div class=\"elementor-element elementor-element-b764771 elementor-widget elementor-widget-heading\" data-id=\"b764771\" data-element_type=\"widget\" data-e-type=\"widget\" data-widget_type=\"heading.default\">\n\t\t\t\t<div class=\"elementor-widget-container\">\n\t\t\t\t\t<h2 class=\"elementor-heading-title elementor-size-default\">Escenarios de aplicaci\u00f3n<\/h2>\t\t\t\t<\/div>\n\t\t\t\t<\/div>\n\t\t\t\t<div class=\"elementor-element elementor-element-046b5ab elementor-widget elementor-widget-text-editor\" data-id=\"046b5ab\" data-element_type=\"widget\" data-e-type=\"widget\" data-widget_type=\"text-editor.default\">\n\t\t\t\t<div class=\"elementor-widget-container\">\n\t\t\t\t\t\t\t\t\t<ul class=\"auto-hide-last-sibling-br\"><li><strong>Buques mercantes<\/strong>: Adecuado para buques de carga, petroleros y portacontenedores para una manipulaci\u00f3n y amarre seguros del ancla.<\/li><li><strong>Plataformas petrol\u00edferas y de gas en alta mar<\/strong>: Permite el despliegue y la recuperaci\u00f3n fiables de anclas en entornos marinos dif\u00edciles.<\/li><li><strong>Remolcadores y lanchas portuarias<\/strong>: Favorece la eficacia de las operaciones de amarre en puertos y d\u00e1rsenas.<\/li><li><strong>Buques especiales<\/strong>: Utilizado en buques de investigaci\u00f3n, buques de salvamento y dragas para maquinaria de cubierta de gran tonelaje.<\/li><li><strong>Buques de instalaci\u00f3n de energ\u00eda e\u00f3lica marina<\/strong>: Garantiza un anclaje estable para la construcci\u00f3n y el mantenimiento de parques e\u00f3licos.<\/li><\/ul>\t\t\t\t\t\t\t\t<\/div>\n\t\t\t\t<\/div>\n\t\t\t\t<\/div>\n\t\t<div class=\"elementor-element elementor-element-dd053bc e-con-full e-flex e-con e-child\" data-id=\"dd053bc\" data-element_type=\"container\" data-e-type=\"container\">\n\t\t\t\t<div class=\"elementor-element elementor-element-5a32577 elementor-widget elementor-widget-heading\" data-id=\"5a32577\" data-element_type=\"widget\" data-e-type=\"widget\" data-widget_type=\"heading.default\">\n\t\t\t\t<div class=\"elementor-widget-container\">\n\t\t\t\t\t<h2 class=\"elementor-heading-title elementor-size-default\">Especificaciones t\u00e9cnicas<\/h2>\t\t\t\t<\/div>\n\t\t\t\t<\/div>\n\t\t\t\t<div class=\"elementor-element elementor-element-59cccd0 elementor-widget elementor-widget-elementskit-tablepress\" data-id=\"59cccd0\" data-element_type=\"widget\" data-e-type=\"widget\" data-widget_type=\"elementskit-tablepress.default\">\n\t\t\t\t<div class=\"elementor-widget-container\">\n\t\t\t\t\t<div class=\"elemenetskit-tablepress ekit-wid-con\" id=\"ekit_tablepress_59cccd0\">\n<table id=\"tablepress-9\" class=\"tablepress tablepress-id-9\">\n<thead>\n<tr class=\"row-1\">\n\t<th class=\"column-1\">Par\u00e1metro<\/th><th class=\"column-2\">Valor t\u00edpico<\/th><th class=\"column-3\">Notas<\/th>\n<\/tr>\n<\/thead>\n<tbody class=\"row-striping row-hover\">\n<tr class=\"row-2\">\n\t<td class=\"column-1\">Potencia de entrada<\/td><td class=\"column-2\">15-150 kW (personalizable)<\/td><td class=\"column-3\">Se adapta a varios tama\u00f1os de motor de cabrestante para diferentes tipos de embarcaciones.<\/td>\n<\/tr>\n<tr class=\"row-3\">\n\t<td class=\"column-1\">Velocidad de entrada<\/td><td class=\"column-2\">\u22642000 RPM<\/td><td class=\"column-3\">Se adapta a las velocidades est\u00e1ndar de los motores marinos para un funcionamiento estable del cabrestante.<\/td>\n<\/tr>\n<tr class=\"row-4\">\n\t<td class=\"column-1\">Relaci\u00f3n de transmisi\u00f3n<\/td><td class=\"column-2\">8-120 (personalizable)<\/td><td class=\"column-3\">Alto par para un despliegue del ancla a baja velocidad y una r\u00e1pida recuperaci\u00f3n.<\/td>\n<\/tr>\n<tr class=\"row-5\">\n\t<td class=\"column-1\">Par de salida<\/td><td class=\"column-2\">15.000-150.000 N-m (personalizable)<\/td><td class=\"column-3\">Accionamiento estable para cadenas de ancla pesadas en condiciones de mar gruesa.<\/td>\n<\/tr>\n<tr class=\"row-6\">\n\t<td class=\"column-1\">Velocidad de salida<\/td><td class=\"column-2\">10-80 RPM (depende de la relaci\u00f3n)<\/td><td class=\"column-3\">Se ajusta mediante la relaci\u00f3n de transmisi\u00f3n para una velocidad \u00f3ptima de manejo del ancla.<\/td>\n<\/tr>\n<tr class=\"row-7\">\n\t<td class=\"column-1\">M\u00e9todo de montaje<\/td><td class=\"column-2\">Brida (est\u00e1ndar); Eje (a medida)<\/td><td class=\"column-3\">Instalaci\u00f3n r\u00e1pida en buques nuevos o reequipamiento de sistemas de cabrestante existentes.<\/td>\n<\/tr>\n<tr class=\"row-8\">\n\t<td class=\"column-1\">Grado de protecci\u00f3n<\/td><td class=\"column-2\">IP66 (IP67 opcional)<\/td><td class=\"column-3\">Estanco al polvo y protecci\u00f3n contra chorros de agua; IP67 para inmersi\u00f3n temporal.<\/td>\n<\/tr>\n<tr class=\"row-9\">\n\t<td class=\"column-1\">Nivel de ruido<\/td><td class=\"column-2\">\u226480 dB (sin carga, 1 m de distancia)<\/td><td class=\"column-3\">Cumple la normativa sobre ruido marino para comodidad de la tripulaci\u00f3n y operaciones portuarias.<\/td>\n<\/tr>\n<tr class=\"row-10\">\n\t<td class=\"column-1\">Eficacia<\/td><td class=\"column-2\">\u226595% (Depende de la proporci\u00f3n)<\/td><td class=\"column-3\">La alta eficiencia reduce el consumo de combustible para un ahorro operativo a largo plazo.<\/td>\n<\/tr>\n<\/tbody>\n<\/table>\n<\/div>\t\t\t\t<\/div>\n\t\t\t\t<\/div>\n\t\t\t\t<\/div>\n\t\t\t\t\t<\/div>\n\t\t\t\t<\/div>\n\t\t<div class=\"elementor-element elementor-element-778fa18 e-flex e-con-boxed e-con e-parent\" data-id=\"778fa18\" data-element_type=\"container\" data-e-type=\"container\">\n\t\t\t\t\t<div class=\"e-con-inner\">\n\t\t<div class=\"elementor-element elementor-element-73755f9 e-con-full e-flex e-con e-child\" data-id=\"73755f9\" data-element_type=\"container\" data-e-type=\"container\">\n\t\t\t\t<div class=\"elementor-element elementor-element-4c5731a elementor-widget elementor-widget-heading\" data-id=\"4c5731a\" data-element_type=\"widget\" data-e-type=\"widget\" data-widget_type=\"heading.default\">\n\t\t\t\t<div class=\"elementor-widget-container\">\n\t\t\t\t\t<h2 class=\"elementor-heading-title elementor-size-default\">Selecci\u00f3n r\u00e1pida en 3 pasos<\/h2>\t\t\t\t<\/div>\n\t\t\t\t<\/div>\n\t\t\t\t<div class=\"elementor-element elementor-element-7257923 elementor-widget elementor-widget-text-editor\" data-id=\"7257923\" data-element_type=\"widget\" data-e-type=\"widget\" data-widget_type=\"text-editor.default\">\n\t\t\t\t<div class=\"elementor-widget-container\">\n\t\t\t\t\t\t\t\t\t<ul class=\"auto-hide-last-sibling-br\" data-cici-select-uid=\"99337f06-21eb-43a7-aa23-3808e5dc5b93\"><li data-cici-select-uid=\"bf6c5d8c-9f43-4f11-aa6a-2bbc0489fd21\"><strong data-cici-select-uid=\"3fb87932-e120-4452-81d8-0c170ce75142\">Identificar el tipo de buque<\/strong>: Determine el tipo de buque (por ejemplo, buque mercante, plataforma en alta mar, remolcador) y los requisitos de carga del cabrestante.<\/li><li data-cici-select-uid=\"e751779b-15f8-4a12-940d-06fe7d540fa3\"><strong data-cici-select-uid=\"dbbd8467-4e6f-4bc8-a407-2c64a97ed19f\">Compartir par\u00e1metros b\u00e1sicos<\/strong>: Indique la velocidad de entrada, la relaci\u00f3n de transmisi\u00f3n deseada y el par de salida requerido. Nuestro equipo de ingenieros navales le recomendar\u00e1 los modelos adecuados en 24 horas.<\/li><li data-cici-select-uid=\"e270fb34-2dae-4071-ad30-e67ecb274dfd\"><strong data-cici-select-uid=\"81ec0a1d-e897-47ea-bfa8-a50063e221aa\">Solicitar soluciones personalizadas<\/strong>: Para necesidades especiales (por ejemplo, dise\u00f1os a prueba de explosiones, resistencia a altas temperaturas, requisitos espec\u00edficos de la OMI), ofrecemos soluciones personalizadas con un plazo de entrega de 4 a 6 semanas.<\/li><\/ul>\t\t\t\t\t\t\t\t<\/div>\n\t\t\t\t<\/div>\n\t\t\t\t<div class=\"elementor-element elementor-element-d48a6ad elementor-widget elementor-widget-heading\" data-id=\"d48a6ad\" data-element_type=\"widget\" data-e-type=\"widget\" data-widget_type=\"heading.default\">\n\t\t\t\t<div class=\"elementor-widget-container\">\n\t\t\t\t\t<h2 class=\"elementor-heading-title elementor-size-default\">Listo para revitalizar su proceso marino\uff1f Hablemos<\/h2>\t\t\t\t<\/div>\n\t\t\t\t<\/div>\n\t\t\t\t<div class=\"elementor-element elementor-element-58ff5e9 elementor-widget elementor-widget-text-editor\" data-id=\"58ff5e9\" data-element_type=\"widget\" data-e-type=\"widget\" data-widget_type=\"text-editor.default\">\n\t\t\t\t<div class=\"elementor-widget-container\">\n\t\t\t\t\t\t\t\t\t<p><strong data-cici-select-uid=\"cd7d46a1-a331-420c-b54e-cc7d7858b940\">\u00a0\ud83c\udf0e Visita\u00a0<\/strong><b>Nuestro sitio web:<\/b>\u00a0<a class=\"link-_G3LTk\" href=\"https:\/\/kaiboi.com\/es\/\" target=\"_blank\" rel=\"noopener\" data-cici-select-uid=\"35a1e581-792c-4916-8131-0a51d60554e8\">https:\/\/kaiboi.com<\/a><\/p><p><strong data-cici-select-uid=\"382d5d09-afeb-4c2e-80c3-6424b9fe6ed1\">\u00a0\ud83d\udce7 \u00a0<\/strong><b>Solicite un presupuesto:<\/b>\u00a0<a href=\"mailto:info@kaiboi.com\">info@kaiboi.com<\/a><\/p>\t\t\t\t\t\t\t\t<\/div>\n\t\t\t\t<\/div>\n\t\t\t\t<\/div>\n\t\t<div class=\"elementor-element elementor-element-221c8d2 e-con-full e-flex e-con e-child\" data-id=\"221c8d2\" data-element_type=\"container\" data-e-type=\"container\">\n\t\t\t\t<div class=\"elementor-element elementor-element-dde7997 elementor-widget elementor-widget-heading\" data-id=\"dde7997\" data-element_type=\"widget\" data-e-type=\"widget\" data-widget_type=\"heading.default\">\n\t\t\t\t<div class=\"elementor-widget-container\">\n\t\t\t\t\t<h2 class=\"elementor-heading-title elementor-size-default\">Preguntas frecuentes<\/h2>\t\t\t\t<\/div>\n\t\t\t\t<\/div>\n\t\t\t\t<div class=\"elementor-element elementor-element-a0a0e97 elementor-widget elementor-widget-text-editor\" data-id=\"a0a0e97\" data-element_type=\"widget\" data-e-type=\"widget\" data-widget_type=\"text-editor.default\">\n\t\t\t\t<div class=\"elementor-widget-container\">\n\t\t\t\t\t\t\t\t\t<p class=\"header-OdWb_u auto-hide-last-sibling-br\" data-cici-select-uid=\"2635984e-086d-4174-87f9-e9ccb0601908\"><strong>P: \u00bfC\u00f3mo soluciona KAIBO el mantenimiento, las fugas de aceite y el ruido de los engranajes de los molinetes de ancla marinos?<\/strong><\/p><p class=\"header-OdWb_u auto-hide-last-sibling-br\" data-cici-select-uid=\"f897ac62-21e2-40a4-8b46-97c65998b398\"><strong>A:<\/strong> KAIBO ofrece soluciones de mantenimiento racionalizadas para cajas de engranajes marinas. En caso de fugas de aceite, nuestro equipo inspecciona los sellos y las juntas de la carcasa, sustituye los componentes por piezas de calidad marina y aplica revestimientos resistentes a la corrosi\u00f3n. La protecci\u00f3n IP66\/IP67 minimiza la entrada de agua, mientras que las comprobaciones peri\u00f3dicas de lubricaci\u00f3n evitan futuras fugas.<\/p><p class=\"header-OdWb_u auto-hide-last-sibling-br\" data-cici-select-uid=\"f897ac62-21e2-40a4-8b46-97c65998b398\">Para el diagn\u00f3stico del ruido de los engranajes, utilizamos el an\u00e1lisis de vibraciones para identificar el desgaste o la desalineaci\u00f3n, ajustando el juego y optimizando la lubricaci\u00f3n para un funcionamiento silencioso. Los kits de mantenimiento est\u00e1ndar incluyen aceite antidesgaste para engranajes, y nuestra asistencia 24\/7 garantiza reparaciones r\u00e1pidas<\/p><p class=\"header-OdWb_u auto-hide-last-sibling-br\" data-cici-select-uid=\"100610c1-c9b7-419c-8dd4-4a7c3a5352df\"><strong>P: \u00bfAdmite la caja de engranajes para molinetes de ancla marinos de KAIBO sistemas hidr\u00e1ulicos de alta presi\u00f3n y requisitos a prueba de explosiones?<\/strong><\/p><p class=\"header-OdWb_u auto-hide-last-sibling-br\" data-cici-select-uid=\"5bd62ecf-c493-4f34-9c07-c5d85a8885e9\"><strong>A:<\/strong> S\u00ed. Las cajas de engranajes de KAIBO est\u00e1n dise\u00f1adas para integrarse con sistemas hidr\u00e1ulicos de alta presi\u00f3n (hasta 350 bar) para la manipulaci\u00f3n de anclas de alta resistencia. Tambi\u00e9n ofrecen configuraciones antideflagrantes certificadas seg\u00fan las normas ATEX\/IECEx, adecuadas para plataformas marinas y buques que operan en entornos peligrosos.<\/p><p class=\"header-OdWb_u auto-hide-last-sibling-br\" data-cici-select-uid=\"c1531ff0-97c5-4c7c-bae5-fc46781297f0\"><strong>P: \u00bfC\u00f3mo garantiza KAIBO que la caja de cambios resista la corrosi\u00f3n del agua salada?<\/strong><\/p><p class=\"header-OdWb_u auto-hide-last-sibling-br\" data-cici-select-uid=\"49773244-0c51-4e99-941a-37fbd2cafcde\"><strong>A:<\/strong> \u00a0KAIBO utiliza carcasas de hierro d\u00factil con revestimientos anticorrosi\u00f3n de calidad marina y torniller\u00eda de acero inoxidable. Los rodamientos sellados y la protecci\u00f3n IP66\/IP67 evitan la entrada de agua salada, mientras que el sistema de lubricaci\u00f3n incorpora aditivos inhibidores de la oxidaci\u00f3n, lo que garantiza la durabilidad en entornos marinos adversos.<\/p>\t\t\t\t\t\t\t\t<\/div>\n\t\t\t\t<\/div>\n\t\t\t\t<\/div>\n\t\t\t\t\t<\/div>\n\t\t\t\t<\/div>\n\t\t\t\t<\/div>","protected":false},"excerpt":{"rendered":"<p>Marine Anchor Winch Gearbox KAIBO\u2019s marine anchor winch gearbox features precision alloy gears, corrosion-resistant ductile iron housing, and advanced lubrication. ISO 9001 &amp; DNV certified, ideal for merchant vessels, offshore platforms, and marine projects. Custom designs, fast standard delivery, and 24\/7 support ensure reliable, robust transmission solutions. MORE PRODUCTS Product Overview KAIBO\u2019s marine anchor winch [&hellip;]<\/p>","protected":false},"author":1,"featured_media":7576,"parent":0,"menu_order":0,"comment_status":"closed","ping_status":"closed","template":"","meta":{"site-sidebar-layout":"no-sidebar","site-content-layout":"page-builder","ast-site-content-layout":"full-width-container","site-content-style":"default","site-sidebar-style":"default","ast-global-header-display":"","ast-banner-title-visibility":"","ast-main-header-display":"","ast-hfb-above-header-display":"","ast-hfb-below-header-display":"","ast-hfb-mobile-header-display":"","site-post-title":"disabled","ast-breadcrumbs-content":"","ast-featured-img":"disabled","footer-sml-layout":"","theme-transparent-header-meta":"","adv-header-id-meta":"","stick-header-meta":"","header-above-stick-meta":"","header-main-stick-meta":"","header-below-stick-meta":"","astra-migrate-meta-layouts":"set","ast-page-background-enabled":"default","ast-page-background-meta":{"desktop":{"background-color":"var(--ast-global-color-4)","background-image":"","background-repeat":"repeat","background-position":"center center","background-size":"auto","background-attachment":"scroll","background-type":"","background-media":"","overlay-type":"","overlay-color":"","overlay-opacity":"","overlay-gradient":""},"tablet":{"background-color":"","background-image":"","background-repeat":"repeat","background-position":"center center","background-size":"auto","background-attachment":"scroll","background-type":"","background-media":"","overlay-type":"","overlay-color":"","overlay-opacity":"","overlay-gradient":""},"mobile":{"background-color":"","background-image":"","background-repeat":"repeat","background-position":"center center","background-size":"auto","background-attachment":"scroll","background-type":"","background-media":"","overlay-type":"","overlay-color":"","overlay-opacity":"","overlay-gradient":""}},"ast-content-background-meta":{"desktop":{"background-color":"var(--ast-global-color-5)","background-image":"","background-repeat":"repeat","background-position":"center center","background-size":"auto","background-attachment":"scroll","background-type":"","background-media":"","overlay-type":"","overlay-color":"","overlay-opacity":"","overlay-gradient":""},"tablet":{"background-color":"var(--ast-global-color-5)","background-image":"","background-repeat":"repeat","background-position":"center center","background-size":"auto","background-attachment":"scroll","background-type":"","background-media":"","overlay-type":"","overlay-color":"","overlay-opacity":"","overlay-gradient":""},"mobile":{"background-color":"var(--ast-global-color-5)","background-image":"","background-repeat":"repeat","background-position":"center center","background-size":"auto","background-attachment":"scroll","background-type":"","background-media":"","overlay-type":"","overlay-color":"","overlay-opacity":"","overlay-gradient":""}},"footnotes":""},"class_list":["post-7832","page","type-page","status-publish","has-post-thumbnail","hentry"],"_links":{"self":[{"href":"https:\/\/kaiboi.com\/es\/wp-json\/wp\/v2\/pages\/7832","targetHints":{"allow":["GET"]}}],"collection":[{"href":"https:\/\/kaiboi.com\/es\/wp-json\/wp\/v2\/pages"}],"about":[{"href":"https:\/\/kaiboi.com\/es\/wp-json\/wp\/v2\/types\/page"}],"author":[{"embeddable":true,"href":"https:\/\/kaiboi.com\/es\/wp-json\/wp\/v2\/users\/1"}],"replies":[{"embeddable":true,"href":"https:\/\/kaiboi.com\/es\/wp-json\/wp\/v2\/comments?post=7832"}],"version-history":[{"count":0,"href":"https:\/\/kaiboi.com\/es\/wp-json\/wp\/v2\/pages\/7832\/revisions"}],"wp:featuredmedia":[{"embeddable":true,"href":"https:\/\/kaiboi.com\/es\/wp-json\/wp\/v2\/media\/7576"}],"wp:attachment":[{"href":"https:\/\/kaiboi.com\/es\/wp-json\/wp\/v2\/media?parent=7832"}],"curies":[{"name":"wp","href":"https:\/\/api.w.org\/{rel}","templated":true}]}}