{"id":7655,"date":"2025-06-14T13:26:00","date_gmt":"2025-06-14T13:26:00","guid":{"rendered":"https:\/\/kaiboi.com\/?page_id=7655"},"modified":"2025-06-14T13:38:18","modified_gmt":"2025-06-14T13:38:18","slug":"mining-gearbox","status":"publish","type":"page","link":"https:\/\/kaiboi.com\/es\/mining-gearbox\/","title":{"rendered":"caja de engranajes para miner\u00eda"},"content":{"rendered":"<div data-elementor-type=\"wp-page\" data-elementor-id=\"7655\" class=\"elementor elementor-7655\" data-elementor-post-type=\"page\">\n\t\t\t\t<div class=\"elementor-element elementor-element-dfd8142 e-flex e-con-boxed e-con e-parent\" data-id=\"dfd8142\" data-element_type=\"container\" data-e-type=\"container\">\n\t\t\t\t\t<div class=\"e-con-inner\">\n\t\t<div class=\"elementor-element elementor-element-6ac5809 e-con-full e-flex e-con e-child\" data-id=\"6ac5809\" data-element_type=\"container\" data-e-type=\"container\">\n\t\t\t\t<div class=\"elementor-element elementor-element-1f8bf01 elementor-widget__width-initial elementor-widget elementor-widget-heading\" data-id=\"1f8bf01\" data-element_type=\"widget\" data-e-type=\"widget\" data-widget_type=\"heading.default\">\n\t\t\t\t<div class=\"elementor-widget-container\">\n\t\t\t\t\t<h1 class=\"elementor-heading-title elementor-size-default\">Caja de engranajes para miner\u00eda<\/h1>\t\t\t\t<\/div>\n\t\t\t\t<\/div>\n\t\t\t\t<div class=\"elementor-element elementor-element-e55d8c2 elementor-widget__width-initial elementor-widget elementor-widget-text-editor\" data-id=\"e55d8c2\" data-element_type=\"widget\" data-e-type=\"widget\" data-widget_type=\"text-editor.default\">\n\t\t\t\t<div class=\"elementor-widget-container\">\n\t\t\t\t\t\t\t\t\t<p>La caja de engranajes para miner\u00eda de alta resistencia de KAIBO est\u00e1 dise\u00f1ada para equipos de miner\u00eda robustos. Con aleaciones resistentes al desgaste, carcasa a prueba de impactos y lubricaci\u00f3n inteligente, ofrece una transmisi\u00f3n fiable de alto par en entornos mineros dif\u00edciles. Ideal para trituradoras, sistemas transportadores y fresadoras. Como fabricante de reductores industriales a medida, ofrecemos una r\u00e1pida personalizaci\u00f3n y asistencia posventa 24 horas al d\u00eda, 7 d\u00edas a la semana.<\/p>\t\t\t\t\t\t\t\t<\/div>\n\t\t\t\t<\/div>\n\t\t\t\t<div class=\"elementor-element elementor-element-6ddbec5 elementor-align-left elementor-widget elementor-widget-button\" data-id=\"6ddbec5\" data-element_type=\"widget\" data-e-type=\"widget\" data-widget_type=\"button.default\">\n\t\t\t\t<div class=\"elementor-widget-container\">\n\t\t\t\t\t\t\t\t\t<div class=\"elementor-button-wrapper\">\n\t\t\t\t\t<a class=\"elementor-button elementor-button-link elementor-size-sm\" href=\"https:\/\/kaiboi.com\/es\/products\/\">\n\t\t\t\t\t\t<span class=\"elementor-button-content-wrapper\">\n\t\t\t\t\t\t\t\t\t<span class=\"elementor-button-text\">M\u00c1S PRODUCTOS<\/span>\n\t\t\t\t\t<\/span>\n\t\t\t\t\t<\/a>\n\t\t\t\t<\/div>\n\t\t\t\t\t\t\t\t<\/div>\n\t\t\t\t<\/div>\n\t\t\t\t<\/div>\n\t\t<div class=\"elementor-element elementor-element-19e8317 e-con-full e-flex e-con e-child\" data-id=\"19e8317\" data-element_type=\"container\" data-e-type=\"container\">\n\t\t\t\t<div class=\"elementor-element elementor-element-ba71c1e elementor-widget__width-initial elementor-widget elementor-widget-image\" data-id=\"ba71c1e\" data-element_type=\"widget\" data-e-type=\"widget\" data-widget_type=\"image.default\">\n\t\t\t\t<div class=\"elementor-widget-container\">\n\t\t\t\t\t\t\t\t\t\t\t\t\t\t\t<img data-opt-id=2112075608  fetchpriority=\"high\" decoding=\"async\" width=\"800\" height=\"580\" src=\"https:\/\/mltsnlgrb38g.i.optimole.com\/cb:AU9O.daf\/w:800\/h:580\/q:mauto\/f:best\/https:\/\/kaiboi.com\/wp-content\/uploads\/2024\/12\/Induction-Rope-Winch-e1734184185876.jpg\" class=\"attachment-full size-full wp-image-5782\" alt=\"KAIBO Product Display Images-Caja de engranajes para cabrestante de miner\u00eda\" srcset=\"https:\/\/mltsnlgrb38g.i.optimole.com\/cb:AU9O.daf\/w:800\/h:580\/q:mauto\/f:best\/https:\/\/kaiboi.com\/wp-content\/uploads\/2024\/12\/Induction-Rope-Winch-e1734184185876.jpg 800w, https:\/\/mltsnlgrb38g.i.optimole.com\/cb:AU9O.daf\/w:800\/h:580\/q:mauto\/f:best\/dpr:2\/https:\/\/kaiboi.com\/wp-content\/uploads\/2024\/12\/Induction-Rope-Winch-e1734184185876.jpg 2x\" sizes=\"(max-width: 800px) 100vw, 800px\" \/>\t\t\t\t\t\t\t\t\t\t\t\t\t\t\t<\/div>\n\t\t\t\t<\/div>\n\t\t\t\t<\/div>\n\t\t\t\t\t<\/div>\n\t\t\t\t<\/div>\n\t\t<div class=\"elementor-element elementor-element-043f01c e-flex e-con-boxed e-con e-parent\" data-id=\"043f01c\" data-element_type=\"container\" data-e-type=\"container\">\n\t\t\t\t\t<div class=\"e-con-inner\">\n\t\t\t\t<div class=\"elementor-element elementor-element-eeb8c75 elementor-widget-divider--view-line elementor-widget elementor-widget-divider\" data-id=\"eeb8c75\" data-element_type=\"widget\" data-e-type=\"widget\" data-widget_type=\"divider.default\">\n\t\t\t\t<div class=\"elementor-widget-container\">\n\t\t\t\t\t\t\t<div class=\"elementor-divider\">\n\t\t\t<span class=\"elementor-divider-separator\">\n\t\t\t\t\t\t<\/span>\n\t\t<\/div>\n\t\t\t\t\t\t<\/div>\n\t\t\t\t<\/div>\n\t\t\t\t\t<\/div>\n\t\t\t\t<\/div>\n\t\t<div class=\"elementor-element elementor-element-bd20bdb e-flex e-con-boxed e-con e-parent\" data-id=\"bd20bdb\" data-element_type=\"container\" data-e-type=\"container\">\n\t\t\t\t\t<div class=\"e-con-inner\">\n\t\t<div class=\"elementor-element elementor-element-b16b6f2 e-con-full e-flex e-con e-child\" data-id=\"b16b6f2\" data-element_type=\"container\" data-e-type=\"container\">\n\t\t\t\t<div class=\"elementor-element elementor-element-75c8ef5 elementor-widget__width-initial elementor-widget elementor-widget-elementskit-heading\" data-id=\"75c8ef5\" data-element_type=\"widget\" data-e-type=\"widget\" data-widget_type=\"elementskit-heading.default\">\n\t\t\t\t<div class=\"elementor-widget-container\">\n\t\t\t\t\t<div class=\"ekit-wid-con\" ><div class=\"ekit-heading elementskit-section-title-wraper text_left   ekit_heading_tablet-   ekit_heading_mobile-\"><h2 class=\"ekit-heading--title elementskit-section-title\">Productos<\/h2>\t\t\t\t<div class='ekit-heading__description'>\n\t\t\t\t\t<p>La caja de engranajes para miner\u00eda pesada de KAIBO, con certificaci\u00f3n ISO 9001, est\u00e1 dise\u00f1ada a medida para aplicaciones de miner\u00eda pesada (trituradoras, sistemas transportadores, equipos de molienda). Como fabricante de confianza de cajas de engranajes industriales a medida, afrontamos los retos de las cargas extremas con un rectificado de precisi\u00f3n de los engranajes de 20CrMnTi y una carcasa de acero forjado, lo que permite un funcionamiento eficiente de 97% que reduce los costes energ\u00e9ticos en 18% para operaciones mineras continuas y soporta temperaturas ambiente de 500\u00b0C. La caja de engranajes est\u00e1 optimizada para entornos de alto impacto y mucho polvo, lo que garantiza un rendimiento estable en miner\u00eda subterr\u00e1nea y a cielo abierto.<\/p>\n\t\t\t\t<\/div>\n\t\t\t<\/div><\/div>\t\t\t\t<\/div>\n\t\t\t\t<\/div>\n\t\t\t\t<div class=\"elementor-element elementor-element-06e3dcd elementor-widget elementor-widget-heading\" data-id=\"06e3dcd\" data-element_type=\"widget\" data-e-type=\"widget\" data-widget_type=\"heading.default\">\n\t\t\t\t<div class=\"elementor-widget-container\">\n\t\t\t\t\t<h2 class=\"elementor-heading-title elementor-size-default\">Principales ventajas<\/h2>\t\t\t\t<\/div>\n\t\t\t\t<\/div>\n\t\t\t\t<div class=\"elementor-element elementor-element-47a4803 elementor-widget__width-initial elementor-widget elementor-widget-text-editor\" data-id=\"47a4803\" data-element_type=\"widget\" data-e-type=\"widget\" data-widget_type=\"text-editor.default\">\n\t\t\t\t<div class=\"elementor-widget-container\">\n\t\t\t\t\t\t\t\t\t<ul class=\"auto-hide-last-sibling-br\" data-cici-select-uid=\"5420bb4d-25f8-48a2-8508-8ba3e7b034cd\"><li data-cici-select-uid=\"368ce6a5-a9bc-4b17-998b-80103bc465d1\"><strong data-cici-select-uid=\"ce81bc80-0187-45b3-b9ce-991f2d041060\">Robusta carcasa de acero forjado<\/strong>: Resiste los impactos, la corrosi\u00f3n y el polvo en condiciones extremas de miner\u00eda.<\/li><li data-cici-select-uid=\"b05f3552-ac1e-4516-b790-01fb80add036\"><strong data-cici-select-uid=\"8568fdb8-77a3-4770-8c36-50ce0f000f42\">Engranajes de aleaci\u00f3n con tratamiento t\u00e9rmico<\/strong>: Rectificado de precisi\u00f3n para una transmisi\u00f3n suave del par bajo cargas pesadas.<\/li><li data-cici-select-uid=\"57ca1cc0-591a-4ca5-a2dd-3742ff865839\"><strong data-cici-select-uid=\"e022362c-c6cc-423f-9694-f8ec31ac365c\">Sistema inteligente de lubricaci\u00f3n forzada<\/strong>: Controla la calidad y la temperatura del aceite, reduciendo el mantenimiento en 30%.<\/li><li data-cici-select-uid=\"362b080c-c58c-4c58-baab-dff9d6ed03fb\"><strong data-cici-select-uid=\"051bd845-c467-411c-bd88-739493448f25\">Dise\u00f1o minero resistente<\/strong>: Admite aplicaciones de alto par para tambores y ejes de gran di\u00e1metro.<\/li><li data-cici-select-uid=\"b5a2de1e-9656-4455-855a-f44f3c48eead\"><strong data-cici-select-uid=\"3fc487c4-27d0-4222-8249-ad7b7da9c708\">Bajo nivel de ruido y vibraciones<\/strong>: \u226480dB (cargado) mediante optimizaci\u00f3n del balance din\u00e1mico.<\/li><li data-cici-select-uid=\"7cbcc1f2-f1e9-427f-97b0-dbf062de5439\"><strong data-cici-select-uid=\"ad7a199f-6a81-428f-8c7a-ad64b43421fb\">Rigurosas pruebas de durabilidad<\/strong>: Los ciclos de 10.000 horas garantizan una larga vida \u00fatil en entornos dif\u00edciles.<\/li><li data-cici-select-uid=\"7cbcc1f2-f1e9-427f-97b0-dbf062de5439\"><strong><span class=\"lb\">Alto par motor<\/span><\/strong><span data-leaf=\"true\"><span class=\"lb\"><strong>:<\/strong> Dise\u00f1ado para un par de salida excepcional, con tambores\/ejes de gran di\u00e1metro. Impulsa las trituradoras\/transportadoras con un funcionamiento estable y eficiente, reduciendo los riesgos de calado en tareas pesadas.<\/span><\/span><\/li><li data-cici-select-uid=\"d32c4613-362e-473e-87d7-94873dc4ac99\"><strong data-cici-select-uid=\"0d6bda75-0ae6-4733-99da-93c4f4d769a9\">Transmisi\u00f3n de alta eficacia<\/strong>: Alcanza una eficiencia operativa de 97%, reduciendo los costes energ\u00e9ticos en 18% para la miner\u00eda continua. El avanzado dise\u00f1o de los engranajes minimiza la p\u00e9rdida de potencia para lograr operaciones sostenibles.<\/li><li data-cici-select-uid=\"cdf92b1c-f833-4f80-bf37-a8822c566f76\"><strong data-cici-select-uid=\"78d891ca-33b6-4d9b-ad68-0a7c72565564\">Personalizaci\u00f3n adaptada a la miner\u00eda<\/strong>: Como fabricante de reductores industriales personalizados, ofrecemos soluciones a medida para la potencia de entrada, la relaci\u00f3n de transmisi\u00f3n, el par y el montaje, ideales para configuraciones mineras \u00fanicas.<\/li><\/ul>\t\t\t\t\t\t\t\t<\/div>\n\t\t\t\t<\/div>\n\t\t\t\t<div class=\"elementor-element elementor-element-e13fe5f elementor-widget elementor-widget-heading\" data-id=\"e13fe5f\" data-element_type=\"widget\" data-e-type=\"widget\" data-widget_type=\"heading.default\">\n\t\t\t\t<div class=\"elementor-widget-container\">\n\t\t\t\t\t<h2 class=\"elementor-heading-title elementor-size-default\">Escenarios de aplicaci\u00f3n<\/h2>\t\t\t\t<\/div>\n\t\t\t\t<\/div>\n\t\t\t\t<div class=\"elementor-element elementor-element-694ee46 elementor-widget elementor-widget-text-editor\" data-id=\"694ee46\" data-element_type=\"widget\" data-e-type=\"widget\" data-widget_type=\"text-editor.default\">\n\t\t\t\t<div class=\"elementor-widget-container\">\n\t\t\t\t\t\t\t\t\t<ul class=\"auto-hide-last-sibling-br\" data-cici-select-uid=\"b7b34e7e-68b9-4eee-881f-7e083edf4c1f\"><li data-cici-select-uid=\"2a871e91-2b0e-4675-a649-49d993b1da5a\"><strong data-cici-select-uid=\"87339453-50d6-48ea-b177-05647d957be4\">Sistemas de trituraci\u00f3n primaria\/secundaria<\/strong>\u00a0para el tratamiento de minerales.<\/li><li data-cici-select-uid=\"1a498200-12eb-4f39-b592-f5547f289045\"><strong data-cici-select-uid=\"07f83a1f-d402-4147-9718-a3eea38f019a\">Cintas transportadoras<\/strong>\u00a0en el transporte de minerales a larga distancia.<\/li><li data-cici-select-uid=\"afc0214e-3af5-4a3c-928a-725914a6d799\"><strong data-cici-select-uid=\"14cd410a-a9fd-4fbd-a40a-82634d63a4e3\">Fresadoras de bolas\/varillas<\/strong>\u00a0para la molienda de minerales.<\/li><li data-cici-select-uid=\"b486169c-e13c-42b4-96df-1fefaebe2abd\"><strong data-cici-select-uid=\"1bc5ef0b-8aa8-44c5-a6d4-953302b4d5b1\">Transmisiones de camiones<\/strong>\u00a0para el transporte de cargas pesadas.<\/li><li data-cici-select-uid=\"8e66d6ac-8f1b-432e-9709-26f39a3a0c7c\"><strong data-cici-select-uid=\"74cc3bd0-b6e3-45a4-9d18-21a603b3be88\">Cargadoras para miner\u00eda subterr\u00e1nea<\/strong>\u00a0que requieren un par elevado en espacios reducidos.<\/li><\/ul>\t\t\t\t\t\t\t\t<\/div>\n\t\t\t\t<\/div>\n\t\t\t\t<\/div>\n\t\t<div class=\"elementor-element elementor-element-18c9685 e-con-full e-flex e-con e-child\" data-id=\"18c9685\" data-element_type=\"container\" data-e-type=\"container\">\n\t\t\t\t<div class=\"elementor-element elementor-element-844454b elementor-widget elementor-widget-heading\" data-id=\"844454b\" data-element_type=\"widget\" data-e-type=\"widget\" data-widget_type=\"heading.default\">\n\t\t\t\t<div class=\"elementor-widget-container\">\n\t\t\t\t\t<h2 class=\"elementor-heading-title elementor-size-default\">Especificaciones t\u00e9cnicas<\/h2>\t\t\t\t<\/div>\n\t\t\t\t<\/div>\n\t\t\t\t<div class=\"elementor-element elementor-element-3dda444 elementor-widget elementor-widget-elementskit-tablepress\" data-id=\"3dda444\" data-element_type=\"widget\" data-e-type=\"widget\" data-widget_type=\"elementskit-tablepress.default\">\n\t\t\t\t<div class=\"elementor-widget-container\">\n\t\t\t\t\t<div class=\"elemenetskit-tablepress ekit-wid-con\" id=\"ekit_tablepress_3dda444\">\n<table id=\"tablepress-5\" class=\"tablepress tablepress-id-5\">\n<thead>\n<tr class=\"row-1\">\n\t<th class=\"column-1\">Par\u00e1metro<\/th><th class=\"column-2\">Valor t\u00edpico<\/th><th class=\"column-3\">Notas<\/th>\n<\/tr>\n<\/thead>\n<tbody class=\"row-striping row-hover\">\n<tr class=\"row-2\">\n\t<td class=\"column-1\">Potencia de entrada<\/td><td class=\"column-2\">15-500 kW (personalizable)<\/td><td class=\"column-3\">Sirve para trituradoras, molinos y cintas transportadoras.<\/td>\n<\/tr>\n<tr class=\"row-3\">\n\t<td class=\"column-1\">Velocidad de entrada<\/td><td class=\"column-2\">\u22641500 RPM<\/td><td class=\"column-3\">Compatible con motores mineros est\u00e1ndar; compatible con variadores de frecuencia.<\/td>\n<\/tr>\n<tr class=\"row-4\">\n\t<td class=\"column-1\">Relaci\u00f3n de transmisi\u00f3n<\/td><td class=\"column-2\">8-80 (personalizable)<\/td><td class=\"column-3\">Alto par para trituraci\u00f3n a baja velocidad o transporte a alta velocidad.<\/td>\n<\/tr>\n<tr class=\"row-5\">\n\t<td class=\"column-1\">Par de salida<\/td><td class=\"column-2\">15.000-120.000 N-m (personalizable)<\/td><td class=\"column-3\">Accionamiento estable para tambores de gran di\u00e1metro con cargas pesadas.<\/td>\n<\/tr>\n<tr class=\"row-6\">\n\t<td class=\"column-1\">Velocidad de salida<\/td><td class=\"column-2\">20-1000 RPM (depende de la relaci\u00f3n)<\/td><td class=\"column-3\">Se ajusta para velocidades de cinta transportadora de 5-50 m\/s.<\/td>\n<\/tr>\n<tr class=\"row-7\">\n\t<td class=\"column-1\">M\u00e9todo de montaje<\/td><td class=\"column-2\">Brida\/eje (personalizable)<\/td><td class=\"column-3\">Instalaci\u00f3n r\u00e1pida para configuraciones de miner\u00eda est\u00e1ndar o no est\u00e1ndar.<\/td>\n<\/tr>\n<tr class=\"row-8\">\n\t<td class=\"column-1\">Grado de protecci\u00f3n<\/td><td class=\"column-2\">IP66 (IP68 opcional)<\/td><td class=\"column-3\">Protecci\u00f3n contra la penetraci\u00f3n de polvo\/agua; IP68 para aplicaciones sumergibles.<\/td>\n<\/tr>\n<tr class=\"row-9\">\n\t<td class=\"column-1\">Nivel de ruido<\/td><td class=\"column-2\">\u226480 dB (cargado, 1 m de distancia)<\/td><td class=\"column-3\">Cumple las normas sobre ruido industrial para explotaciones mineras.<\/td>\n<\/tr>\n<tr class=\"row-10\">\n\t<td class=\"column-1\">Eficacia<\/td><td class=\"column-2\">\u226596% (Depende de la proporci\u00f3n)<\/td><td class=\"column-3\">Su alta eficiencia reduce el consumo de energ\u00eda en operaciones 24\/7.<\/td>\n<\/tr>\n<\/tbody>\n<\/table>\n<\/div>\t\t\t\t<\/div>\n\t\t\t\t<\/div>\n\t\t\t\t<\/div>\n\t\t\t\t\t<\/div>\n\t\t\t\t<\/div>\n\t\t<div class=\"elementor-element elementor-element-77e277e e-flex e-con-boxed e-con e-parent\" data-id=\"77e277e\" data-element_type=\"container\" data-e-type=\"container\">\n\t\t\t\t\t<div class=\"e-con-inner\">\n\t\t<div class=\"elementor-element elementor-element-e294d32 e-con-full e-flex e-con e-child\" data-id=\"e294d32\" data-element_type=\"container\" data-e-type=\"container\">\n\t\t\t\t<div class=\"elementor-element elementor-element-753863b elementor-widget elementor-widget-heading\" data-id=\"753863b\" data-element_type=\"widget\" data-e-type=\"widget\" data-widget_type=\"heading.default\">\n\t\t\t\t<div class=\"elementor-widget-container\">\n\t\t\t\t\t<h2 class=\"elementor-heading-title elementor-size-default\">Selecci\u00f3n r\u00e1pida en 3 pasos<\/h2>\t\t\t\t<\/div>\n\t\t\t\t<\/div>\n\t\t\t\t<div class=\"elementor-element elementor-element-f8e4d23 elementor-widget elementor-widget-text-editor\" data-id=\"f8e4d23\" data-element_type=\"widget\" data-e-type=\"widget\" data-widget_type=\"text-editor.default\">\n\t\t\t\t<div class=\"elementor-widget-container\">\n\t\t\t\t\t\t\t\t\t<ul class=\"auto-hide-last-sibling-br\" data-cici-select-uid=\"99337f06-21eb-43a7-aa23-3808e5dc5b93\"><li data-cici-select-uid=\"4c5ff4de-58da-40a9-a5fb-a4d928cc765c\"><strong data-cici-select-uid=\"6f54edf5-354d-48bd-95de-f0cf92a7be2a\">Identificar el tipo de equipo<\/strong>: Determine si es para triturar, transportar o moler: cada una tiene requisitos de carga \u00fanicos.<\/li><li data-cici-select-uid=\"c798f9b6-2478-4bf1-9bbd-c18844587678\"><strong data-cici-select-uid=\"003fcc67-3fe2-4a9f-916f-dc0de3ca8d44\">Compartir par\u00e1metros b\u00e1sicos<\/strong>: Indique la velocidad de entrada, la relaci\u00f3n de transmisi\u00f3n deseada y el par de salida. Nuestros ingenieros le recomendar\u00e1n modelos en 24 horas.<\/li><li data-cici-select-uid=\"cc3813f9-f1cb-4263-86e7-1d130cbc9375\"><strong data-cici-select-uid=\"7571b18a-2309-4503-8e55-ca82a266f65b\">Solicitar soluciones personalizadas<\/strong>: Para necesidades especiales (antideflagrantes, altas temperaturas, interfaces no est\u00e1ndar), dise\u00f1os a medida con plazos de entrega de 4 a 8 semanas.<\/li><\/ul>\t\t\t\t\t\t\t\t<\/div>\n\t\t\t\t<\/div>\n\t\t\t\t<div class=\"elementor-element elementor-element-a6b8d19 elementor-widget elementor-widget-heading\" data-id=\"a6b8d19\" data-element_type=\"widget\" data-e-type=\"widget\" data-widget_type=\"heading.default\">\n\t\t\t\t<div class=\"elementor-widget-container\">\n\t\t\t\t\t<h2 class=\"elementor-heading-title elementor-size-default\">Listo para revitalizar su proceso minero\uff1f Hablemos<\/h2>\t\t\t\t<\/div>\n\t\t\t\t<\/div>\n\t\t\t\t<div class=\"elementor-element elementor-element-6c86402 elementor-widget elementor-widget-text-editor\" data-id=\"6c86402\" data-element_type=\"widget\" data-e-type=\"widget\" data-widget_type=\"text-editor.default\">\n\t\t\t\t<div class=\"elementor-widget-container\">\n\t\t\t\t\t\t\t\t\t<p><strong data-cici-select-uid=\"cd7d46a1-a331-420c-b54e-cc7d7858b940\">\u00a0\ud83c\udf0e Visita\u00a0<\/strong><b>Nuestro sitio web:<\/b>\u00a0<a class=\"link-_G3LTk\" href=\"https:\/\/kaiboi.com\/es\/\" target=\"_blank\" rel=\"noopener\" data-cici-select-uid=\"35a1e581-792c-4916-8131-0a51d60554e8\">https:\/\/kaiboi.com<\/a><\/p><p><strong data-cici-select-uid=\"382d5d09-afeb-4c2e-80c3-6424b9fe6ed1\">\u00a0\ud83d\udce7 \u00a0<\/strong><b>Solicite un presupuesto:<\/b>\u00a0<a href=\"mailto:info@kaiboi.com\">info@kaiboi.com<\/a><\/p>\t\t\t\t\t\t\t\t<\/div>\n\t\t\t\t<\/div>\n\t\t\t\t<\/div>\n\t\t<div class=\"elementor-element elementor-element-5893a77 e-con-full e-flex e-con e-child\" data-id=\"5893a77\" data-element_type=\"container\" data-e-type=\"container\">\n\t\t\t\t<div class=\"elementor-element elementor-element-d0f942e elementor-widget elementor-widget-heading\" data-id=\"d0f942e\" data-element_type=\"widget\" data-e-type=\"widget\" data-widget_type=\"heading.default\">\n\t\t\t\t<div class=\"elementor-widget-container\">\n\t\t\t\t\t<h2 class=\"elementor-heading-title elementor-size-default\">Preguntas frecuentes<\/h2>\t\t\t\t<\/div>\n\t\t\t\t<\/div>\n\t\t\t\t<div class=\"elementor-element elementor-element-531cc52 elementor-widget elementor-widget-text-editor\" data-id=\"531cc52\" data-element_type=\"widget\" data-e-type=\"widget\" data-widget_type=\"text-editor.default\">\n\t\t\t\t<div class=\"elementor-widget-container\">\n\t\t\t\t\t\t\t\t\t<p class=\"header-OdWb_u auto-hide-last-sibling-br\" data-cici-select-uid=\"2635984e-086d-4174-87f9-e9ccb0601908\"><strong>P: \u00bfC\u00f3mo elegir la caja de cambios adecuada para mi equipo de miner\u00eda?<\/strong><\/p><p class=\"header-OdWb_u auto-hide-last-sibling-br\" data-cici-select-uid=\"f897ac62-21e2-40a4-8b46-97c65998b398\"><strong>A:<\/strong> Empiece por especificar el tipo de equipo (por ejemplo, modelo de trituradora) y los par\u00e1metros de funcionamiento (velocidad\/par). Nuestro equipo realizar\u00e1 un an\u00e1lisis de compatibilidad y le sugerir\u00e1 opciones; no es necesario realizar c\u00e1lculos complejos, s\u00f3lo un asesoramiento t\u00e9cnico directo.<\/p><p class=\"header-OdWb_u auto-hide-last-sibling-br\" data-cici-select-uid=\"100610c1-c9b7-419c-8dd4-4a7c3a5352df\"><strong>P: \u00bfCu\u00e1l es el plazo de entrega de los reductores mineros personalizados?<\/strong><\/p><p class=\"header-OdWb_u auto-hide-last-sibling-br\" data-cici-select-uid=\"5bd62ecf-c493-4f34-9c07-c5d85a8885e9\"><strong>A:<\/strong> Los modelos est\u00e1ndar se env\u00edan en 72 horas. Los dise\u00f1os personalizados tardan entre 4 y 8 semanas.<\/p><p class=\"header-OdWb_u auto-hide-last-sibling-br\" data-cici-select-uid=\"c1531ff0-97c5-4c7c-bae5-fc46781297f0\"><strong>P: \u00bfC\u00f3mo mantener una caja de engranajes para miner\u00eda en entornos dif\u00edciles?<\/strong><\/p><p class=\"header-OdWb_u auto-hide-last-sibling-br\" data-cici-select-uid=\"49773244-0c51-4e99-941a-37fbd2cafcde\"><strong>A:<\/strong> El mantenimiento regular es clave. Sustituya el aceite de los engranajes cada 1.000 horas en las cajas de cambios nuevas, y despu\u00e9s cada 6 meses o 5.000 horas si utiliza aceites sint\u00e9ticos de alta viscosidad (por ejemplo, ISO VG 460 EP). Inspeccione trimestralmente los engranajes en busca de desgaste y los cojinetes en busca de holguras o ruidos. Controle la temperatura del aceite (por debajo de 80 \u00b0C) y utilice el an\u00e1lisis de vibraciones para predecir problemas. Para entornos polvorientos, mejore a protecci\u00f3n IP68 y carcasas selladas.<\/p>\t\t\t\t\t\t\t\t<\/div>\n\t\t\t\t<\/div>\n\t\t\t\t<\/div>\n\t\t\t\t\t<\/div>\n\t\t\t\t<\/div>\n\t\t\t\t<\/div>","protected":false},"excerpt":{"rendered":"<p>Mining Gearbox KAIBO\u2019s heavy duty mining gearbox is engineered for rugged mining equipment. With wear-resistant alloys, impact-proof housing, and intelligent lubrication, it delivers reliable high-torque transmission in harsh mining environments. Ideal for crushers, conveyor systems, and milling machines. As a custom industrial gearbox manufacturer, we offer fast customization and 24\/7 after-sales support. MORE PRODUCTS Product [&hellip;]<\/p>","protected":false},"author":1,"featured_media":5782,"parent":0,"menu_order":0,"comment_status":"closed","ping_status":"closed","template":"","meta":{"site-sidebar-layout":"no-sidebar","site-content-layout":"page-builder","ast-site-content-layout":"full-width-container","site-content-style":"default","site-sidebar-style":"default","ast-global-header-display":"","ast-banner-title-visibility":"","ast-main-header-display":"","ast-hfb-above-header-display":"","ast-hfb-below-header-display":"","ast-hfb-mobile-header-display":"","site-post-title":"disabled","ast-breadcrumbs-content":"","ast-featured-img":"disabled","footer-sml-layout":"","theme-transparent-header-meta":"","adv-header-id-meta":"","stick-header-meta":"","header-above-stick-meta":"","header-main-stick-meta":"","header-below-stick-meta":"","astra-migrate-meta-layouts":"set","ast-page-background-enabled":"default","ast-page-background-meta":{"desktop":{"background-color":"var(--ast-global-color-4)","background-image":"","background-repeat":"repeat","background-position":"center center","background-size":"auto","background-attachment":"scroll","background-type":"","background-media":"","overlay-type":"","overlay-color":"","overlay-opacity":"","overlay-gradient":""},"tablet":{"background-color":"","background-image":"","background-repeat":"repeat","background-position":"center center","background-size":"auto","background-attachment":"scroll","background-type":"","background-media":"","overlay-type":"","overlay-color":"","overlay-opacity":"","overlay-gradient":""},"mobile":{"background-color":"","background-image":"","background-repeat":"repeat","background-position":"center center","background-size":"auto","background-attachment":"scroll","background-type":"","background-media":"","overlay-type":"","overlay-color":"","overlay-opacity":"","overlay-gradient":""}},"ast-content-background-meta":{"desktop":{"background-color":"var(--ast-global-color-5)","background-image":"","background-repeat":"repeat","background-position":"center center","background-size":"auto","background-attachment":"scroll","background-type":"","background-media":"","overlay-type":"","overlay-color":"","overlay-opacity":"","overlay-gradient":""},"tablet":{"background-color":"var(--ast-global-color-5)","background-image":"","background-repeat":"repeat","background-position":"center center","background-size":"auto","background-attachment":"scroll","background-type":"","background-media":"","overlay-type":"","overlay-color":"","overlay-opacity":"","overlay-gradient":""},"mobile":{"background-color":"var(--ast-global-color-5)","background-image":"","background-repeat":"repeat","background-position":"center center","background-size":"auto","background-attachment":"scroll","background-type":"","background-media":"","overlay-type":"","overlay-color":"","overlay-opacity":"","overlay-gradient":""}},"footnotes":""},"class_list":["post-7655","page","type-page","status-publish","has-post-thumbnail","hentry"],"_links":{"self":[{"href":"https:\/\/kaiboi.com\/es\/wp-json\/wp\/v2\/pages\/7655","targetHints":{"allow":["GET"]}}],"collection":[{"href":"https:\/\/kaiboi.com\/es\/wp-json\/wp\/v2\/pages"}],"about":[{"href":"https:\/\/kaiboi.com\/es\/wp-json\/wp\/v2\/types\/page"}],"author":[{"embeddable":true,"href":"https:\/\/kaiboi.com\/es\/wp-json\/wp\/v2\/users\/1"}],"replies":[{"embeddable":true,"href":"https:\/\/kaiboi.com\/es\/wp-json\/wp\/v2\/comments?post=7655"}],"version-history":[{"count":0,"href":"https:\/\/kaiboi.com\/es\/wp-json\/wp\/v2\/pages\/7655\/revisions"}],"wp:featuredmedia":[{"embeddable":true,"href":"https:\/\/kaiboi.com\/es\/wp-json\/wp\/v2\/media\/5782"}],"wp:attachment":[{"href":"https:\/\/kaiboi.com\/es\/wp-json\/wp\/v2\/media?parent=7655"}],"curies":[{"name":"wp","href":"https:\/\/api.w.org\/{rel}","templated":true}]}}