{"id":7652,"date":"2025-06-14T12:15:30","date_gmt":"2025-06-14T12:15:30","guid":{"rendered":"https:\/\/kaiboi.com\/?page_id=7652"},"modified":"2025-06-14T14:45:34","modified_gmt":"2025-06-14T14:45:34","slug":"oil-drilling-gearbox","status":"publish","type":"page","link":"https:\/\/kaiboi.com\/es\/oil-drilling-gearbox\/","title":{"rendered":"Caja de engranajes para perforaci\u00f3n petrol\u00edfera"},"content":{"rendered":"<div data-elementor-type=\"wp-page\" data-elementor-id=\"7652\" class=\"elementor elementor-7652\" data-elementor-post-type=\"page\">\n\t\t\t\t<div class=\"elementor-element elementor-element-e467495 e-flex e-con-boxed e-con e-parent\" data-id=\"e467495\" data-element_type=\"container\" data-e-type=\"container\">\n\t\t\t\t\t<div class=\"e-con-inner\">\n\t\t<div class=\"elementor-element elementor-element-cb80d28 e-con-full e-flex e-con e-child\" data-id=\"cb80d28\" data-element_type=\"container\" data-e-type=\"container\">\n\t\t\t\t<div class=\"elementor-element elementor-element-1d9000b elementor-widget__width-initial elementor-widget elementor-widget-heading\" data-id=\"1d9000b\" data-element_type=\"widget\" data-e-type=\"widget\" data-widget_type=\"heading.default\">\n\t\t\t\t<div class=\"elementor-widget-container\">\n\t\t\t\t\t<h1 class=\"elementor-heading-title elementor-size-default\">Caja de engranajes para perforaci\u00f3n petrol\u00edfera<\/h1>\t\t\t\t<\/div>\n\t\t\t\t<\/div>\n\t\t\t\t<div class=\"elementor-element elementor-element-aea7332 elementor-widget__width-initial elementor-widget elementor-widget-text-editor\" data-id=\"aea7332\" data-element_type=\"widget\" data-e-type=\"widget\" data-widget_type=\"text-editor.default\">\n\t\t\t\t<div class=\"elementor-widget-container\">\n\t\t\t\t\t\t\t\t\t<p>La caja de engranajes para perforaci\u00f3n petrol\u00edfera de KAIBO, dise\u00f1ada para entornos adversos, ofrece par motor, bajas vibraciones y larga vida \u00fatil gracias a sus engranajes de precisi\u00f3n, carcasa robusta y refrigeraci\u00f3n avanzada. Ideal para plataformas terrestres y mar\u00edtimas, aplicaciones de pozos profundos y bombas de lodo, garantiza la eficiencia de la 97% a altas temperaturas. Como fabricante de reductores personalizados, ofrecemos soluciones a medida para transmisiones marinas resistentes a la corrosi\u00f3n, con personalizaci\u00f3n r\u00e1pida y asistencia 24 horas al d\u00eda, 7 d\u00edas a la semana.<\/p>\t\t\t\t\t\t\t\t<\/div>\n\t\t\t\t<\/div>\n\t\t\t\t<div class=\"elementor-element elementor-element-121f434 elementor-align-left elementor-widget elementor-widget-button\" data-id=\"121f434\" data-element_type=\"widget\" data-e-type=\"widget\" data-widget_type=\"button.default\">\n\t\t\t\t<div class=\"elementor-widget-container\">\n\t\t\t\t\t\t\t\t\t<div class=\"elementor-button-wrapper\">\n\t\t\t\t\t<a class=\"elementor-button elementor-button-link elementor-size-sm\" href=\"https:\/\/kaiboi.com\/es\/products\/\">\n\t\t\t\t\t\t<span class=\"elementor-button-content-wrapper\">\n\t\t\t\t\t\t\t\t\t<span class=\"elementor-button-text\">M\u00c1S PRODUCTOS<\/span>\n\t\t\t\t\t<\/span>\n\t\t\t\t\t<\/a>\n\t\t\t\t<\/div>\n\t\t\t\t\t\t\t\t<\/div>\n\t\t\t\t<\/div>\n\t\t\t\t<\/div>\n\t\t<div class=\"elementor-element elementor-element-d8ab6d9 e-con-full e-flex e-con e-child\" data-id=\"d8ab6d9\" data-element_type=\"container\" data-e-type=\"container\">\n\t\t\t\t<div class=\"elementor-element elementor-element-7e336b4 elementor-widget__width-initial elementor-widget elementor-widget-image\" data-id=\"7e336b4\" data-element_type=\"widget\" data-e-type=\"widget\" data-widget_type=\"image.default\">\n\t\t\t\t<div class=\"elementor-widget-container\">\n\t\t\t\t\t\t\t\t\t\t\t\t\t\t\t<img data-opt-id=1437512050  fetchpriority=\"high\" decoding=\"async\" width=\"1600\" height=\"1200\" src=\"https:\/\/mltsnlgrb38g.i.optimole.com\/cb:AU9O.daf\/w:1440\/h:1080\/q:mauto\/f:best\/https:\/\/kaiboi.com\/wp-content\/uploads\/2025\/06\/oil-drilling-gearbox.jpg\" class=\"attachment-full size-full wp-image-7476\" alt=\"KAIBO Product Display Images-caja de engranajes para perforaci\u00f3n petrol\u00edfera\" srcset=\"https:\/\/mltsnlgrb38g.i.optimole.com\/cb:AU9O.daf\/w:1440\/h:1080\/q:mauto\/f:best\/https:\/\/kaiboi.com\/wp-content\/uploads\/2025\/06\/oil-drilling-gearbox.jpg 1600w, https:\/\/mltsnlgrb38g.i.optimole.com\/cb:AU9O.daf\/w:300\/h:225\/q:mauto\/f:best\/https:\/\/kaiboi.com\/wp-content\/uploads\/2025\/06\/oil-drilling-gearbox.jpg 300w, https:\/\/mltsnlgrb38g.i.optimole.com\/cb:AU9O.daf\/w:600\/h:450\/q:mauto\/f:best\/https:\/\/kaiboi.com\/wp-content\/uploads\/2025\/06\/oil-drilling-gearbox.jpg 600w, https:\/\/mltsnlgrb38g.i.optimole.com\/cb:AU9O.daf\/w:768\/h:576\/q:mauto\/f:best\/https:\/\/kaiboi.com\/wp-content\/uploads\/2025\/06\/oil-drilling-gearbox.jpg 768w, https:\/\/mltsnlgrb38g.i.optimole.com\/cb:AU9O.daf\/w:1440\/h:1080\/q:mauto\/f:best\/https:\/\/kaiboi.com\/wp-content\/uploads\/2025\/06\/oil-drilling-gearbox.jpg 1536w, https:\/\/mltsnlgrb38g.i.optimole.com\/cb:AU9O.daf\/w:1440\/h:1080\/q:mauto\/f:best\/dpr:2\/https:\/\/kaiboi.com\/wp-content\/uploads\/2025\/06\/oil-drilling-gearbox.jpg 2x\" sizes=\"(max-width: 1200px) 100vw, 1200px\" \/>\t\t\t\t\t\t\t\t\t\t\t\t\t\t\t<\/div>\n\t\t\t\t<\/div>\n\t\t\t\t<\/div>\n\t\t\t\t\t<\/div>\n\t\t\t\t<\/div>\n\t\t<div class=\"elementor-element elementor-element-712543b e-flex e-con-boxed e-con e-parent\" data-id=\"712543b\" data-element_type=\"container\" data-e-type=\"container\">\n\t\t\t\t\t<div class=\"e-con-inner\">\n\t\t\t\t<div class=\"elementor-element elementor-element-8786c0d elementor-widget-divider--view-line elementor-widget elementor-widget-divider\" data-id=\"8786c0d\" data-element_type=\"widget\" data-e-type=\"widget\" data-widget_type=\"divider.default\">\n\t\t\t\t<div class=\"elementor-widget-container\">\n\t\t\t\t\t\t\t<div class=\"elementor-divider\">\n\t\t\t<span class=\"elementor-divider-separator\">\n\t\t\t\t\t\t<\/span>\n\t\t<\/div>\n\t\t\t\t\t\t<\/div>\n\t\t\t\t<\/div>\n\t\t\t\t\t<\/div>\n\t\t\t\t<\/div>\n\t\t<div class=\"elementor-element elementor-element-149a5fa e-flex e-con-boxed e-con e-parent\" data-id=\"149a5fa\" data-element_type=\"container\" data-e-type=\"container\">\n\t\t\t\t\t<div class=\"e-con-inner\">\n\t\t<div class=\"elementor-element elementor-element-d6cb8b3 e-con-full e-flex e-con e-child\" data-id=\"d6cb8b3\" data-element_type=\"container\" data-e-type=\"container\">\n\t\t\t\t<div class=\"elementor-element elementor-element-e1059d3 elementor-widget__width-initial elementor-widget elementor-widget-elementskit-heading\" data-id=\"e1059d3\" data-element_type=\"widget\" data-e-type=\"widget\" data-widget_type=\"elementskit-heading.default\">\n\t\t\t\t<div class=\"elementor-widget-container\">\n\t\t\t\t\t<div class=\"ekit-wid-con\" ><div class=\"ekit-heading elementskit-section-title-wraper text_left   ekit_heading_tablet-   ekit_heading_mobile-\"><h2 class=\"ekit-heading--title elementskit-section-title\">Productos<\/h2>\t\t\t\t<div class='ekit-heading__description'>\n\t\t\t\t\t<p>La caja de engranajes para perforaci\u00f3n petrol\u00edfera de KAIBO, con certificaci\u00f3n API y dise\u00f1ada a medida para aplicaciones de perforaci\u00f3n petrol\u00edfera y de gas (plataformas en tierra, plataformas marinas, sistemas de pozos profundos), resuelve los retos de transmisi\u00f3n de potencia de alta carga en entornos extremos. Construida con rectificado de engranajes de precisi\u00f3n 42CrMo4 y carcasa de aleaci\u00f3n de acero con tratamiento t\u00e9rmico, garantiza un funcionamiento eficiente 97% con niveles de ruido \u226480dB, reduciendo el consumo de energ\u00eda 12% de los sistemas de accionamiento superior y permitiendo un rendimiento estable en pozos de alta temperatura 150\u00b0C. Como fabricante de reductores industriales a medida, adaptamos soluciones a requisitos de perforaci\u00f3n \u00fanicos.<\/p>\n\t\t\t\t<\/div>\n\t\t\t<\/div><\/div>\t\t\t\t<\/div>\n\t\t\t\t<\/div>\n\t\t\t\t<div class=\"elementor-element elementor-element-68c7982 elementor-widget elementor-widget-heading\" data-id=\"68c7982\" data-element_type=\"widget\" data-e-type=\"widget\" data-widget_type=\"heading.default\">\n\t\t\t\t<div class=\"elementor-widget-container\">\n\t\t\t\t\t<h2 class=\"elementor-heading-title elementor-size-default\">Principales ventajas<\/h2>\t\t\t\t<\/div>\n\t\t\t\t<\/div>\n\t\t\t\t<div class=\"elementor-element elementor-element-13d2340 elementor-widget__width-initial elementor-widget elementor-widget-text-editor\" data-id=\"13d2340\" data-element_type=\"widget\" data-e-type=\"widget\" data-widget_type=\"text-editor.default\">\n\t\t\t\t<div class=\"elementor-widget-container\">\n\t\t\t\t\t\t\t\t\t<ul class=\"auto-hide-last-sibling-br\" data-cici-select-uid=\"3cc057e2-6265-4ade-8f64-8f2b916296b4\"><li data-cici-select-uid=\"e0b8aa00-1623-477b-b5f5-0dc48a2df1e8\"><strong data-cici-select-uid=\"29ea6016-2caf-4184-852b-28e3375cdd7b\">Carcasa de aleaci\u00f3n de acero de alta resistencia<\/strong>: Resiste la corrosi\u00f3n, los impactos y la dilataci\u00f3n t\u00e9rmica en condiciones de perforaci\u00f3n dif\u00edciles.<\/li><li data-cici-select-uid=\"cd179edf-3c14-45d6-9b38-34e1d58c0572\"><strong data-cici-select-uid=\"eb523c25-c743-43f6-999b-d66ba98b0142\">Engranajes c\u00f3nicos en espiral cortados con precisi\u00f3n<\/strong>: Tratados t\u00e9rmicamente para una transmisi\u00f3n suave del par y un desgaste m\u00ednimo.<\/li><li data-cici-select-uid=\"ad33b52e-e4bb-4206-8172-2905c9106241\"><strong data-cici-select-uid=\"096cba55-6663-45f3-8468-effa48de778d\">Sistema integrado de refrigeraci\u00f3n forzada<\/strong>: Mantiene la temperatura \u00f3ptima del aceite (\u226475\u00b0C) durante el funcionamiento continuo con cargas pesadas.<\/li><li data-cici-select-uid=\"2a3fcaed-7d59-469e-ba11-85665ef528e9\"><strong data-cici-select-uid=\"ee33aa78-47f1-4b0b-8985-2ee35bc08c04\">Dise\u00f1o de perforaci\u00f3n personalizado<\/strong>: Soporta cargas de alto par para top drives, bombas de lodo y mesas giratorias como fabricante l\u00edder de reductores industriales a medida.<\/li><li data-cici-select-uid=\"a17cf2ff-aa4e-4f8e-b2fd-8e8242d4b812\"><strong data-cici-select-uid=\"c5273a2d-f382-49aa-a0bc-31e0987d5ebd\">Baja vibraci\u00f3n y ruido<\/strong>(con carga) gracias a los soportes antivibraci\u00f3n y a la optimizaci\u00f3n de los engranajes.<\/li><li data-cici-select-uid=\"e4312aed-1db7-41fe-8e4d-b92ad30cbccf\"><strong data-cici-select-uid=\"10d358ee-b922-4f6b-8ef9-ed86c3013e76\">Pruebas API rigurosas<\/strong>: Garantiza la fiabilidad en entornos marinos de agua salada, alta presi\u00f3n y temperaturas extremas.<\/li><li data-cici-select-uid=\"e4312aed-1db7-41fe-8e4d-b92ad30cbccf\"><strong data-cici-select-uid=\"7d3eff11-aa88-4488-865a-8f726c525a16\">Dise\u00f1o de bajo mantenimiento<\/strong>: Reduce el tiempo de inactividad con un mantenimiento m\u00ednimo<\/li><li data-cici-select-uid=\"e4312aed-1db7-41fe-8e4d-b92ad30cbccf\"><strong data-cici-select-uid=\"a229ebb5-7568-42db-aada-4468cd69f0a0\">Construcci\u00f3n duradera<\/strong>: Dise\u00f1ada para una larga vida \u00fatil en condiciones duras<\/li><\/ul>\t\t\t\t\t\t\t\t<\/div>\n\t\t\t\t<\/div>\n\t\t\t\t<div class=\"elementor-element elementor-element-9dc5b4d elementor-widget elementor-widget-heading\" data-id=\"9dc5b4d\" data-element_type=\"widget\" data-e-type=\"widget\" data-widget_type=\"heading.default\">\n\t\t\t\t<div class=\"elementor-widget-container\">\n\t\t\t\t\t<h2 class=\"elementor-heading-title elementor-size-default\">Escenarios de aplicaci\u00f3n<\/h2>\t\t\t\t<\/div>\n\t\t\t\t<\/div>\n\t\t\t\t<div class=\"elementor-element elementor-element-866d1f0 elementor-widget elementor-widget-text-editor\" data-id=\"866d1f0\" data-element_type=\"widget\" data-e-type=\"widget\" data-widget_type=\"text-editor.default\">\n\t\t\t\t<div class=\"elementor-widget-container\">\n\t\t\t\t\t\t\t\t\t<ul class=\"auto-hide-last-sibling-br\" data-cici-select-uid=\"8eaaf751-8c94-4f19-ae04-16ecd4cc5316\"><li data-cici-select-uid=\"27995b04-be23-4132-9bab-975670a3473d\">Plataformas de perforaci\u00f3n petrol\u00edfera en tierra con sistemas top drive<\/li><li data-cici-select-uid=\"488fccc4-849a-4b1d-aaf4-3f07b0498d55\">Plataformas marinas que requieren reductores resistentes a la corrosi\u00f3n<\/li><li data-cici-select-uid=\"6594844b-3429-41f9-8f22-b177f49d0bcd\">Perforaci\u00f3n de pozos profundos (\u22655.000 m) con accionamientos rotativos de alto par.<\/li><li data-cici-select-uid=\"63b402e5-d938-4a58-91d9-4300910ef4df\">Equipos de perforaci\u00f3n m\u00f3viles para operaciones en lugares remotos<\/li><li data-cici-select-uid=\"1e84f0af-2232-4a35-a4a1-6aadc4abd3e0\">Sistemas de bombeo de lodos en perforaci\u00f3n horizontal dirigida<\/li><\/ul>\t\t\t\t\t\t\t\t<\/div>\n\t\t\t\t<\/div>\n\t\t\t\t<\/div>\n\t\t<div class=\"elementor-element elementor-element-7bdd534 e-con-full e-flex e-con e-child\" data-id=\"7bdd534\" data-element_type=\"container\" data-e-type=\"container\">\n\t\t\t\t<div class=\"elementor-element elementor-element-7730398 elementor-widget elementor-widget-heading\" data-id=\"7730398\" data-element_type=\"widget\" data-e-type=\"widget\" data-widget_type=\"heading.default\">\n\t\t\t\t<div class=\"elementor-widget-container\">\n\t\t\t\t\t<h2 class=\"elementor-heading-title elementor-size-default\">Especificaciones t\u00e9cnicas<\/h2>\t\t\t\t<\/div>\n\t\t\t\t<\/div>\n\t\t\t\t<div class=\"elementor-element elementor-element-5e189b2 elementor-widget elementor-widget-elementskit-tablepress\" data-id=\"5e189b2\" data-element_type=\"widget\" data-e-type=\"widget\" data-widget_type=\"elementskit-tablepress.default\">\n\t\t\t\t<div class=\"elementor-widget-container\">\n\t\t\t\t\t<div class=\"elemenetskit-tablepress ekit-wid-con\" id=\"ekit_tablepress_5e189b2\">\n<table id=\"tablepress-6\" class=\"tablepress tablepress-id-6\">\n<thead>\n<tr class=\"row-1\">\n\t<th class=\"column-1\">Par\u00e1metro<\/th><th class=\"column-2\">Valor t\u00edpico<\/th><th class=\"column-3\">Notas<\/th>\n<\/tr>\n<\/thead>\n<tbody class=\"row-striping row-hover\">\n<tr class=\"row-2\">\n\t<td class=\"column-1\">Potencia de entrada<\/td><td class=\"column-2\">100-1.000 kW (personalizable)<\/td><td class=\"column-3\">Se adapta a top drives y bombas de lodo, con potencias adaptadas al fabricante.<\/td>\n<\/tr>\n<tr class=\"row-3\">\n\t<td class=\"column-1\">Velocidad de entrada<\/td><td class=\"column-2\">\u22641.500 RPM<\/td><td class=\"column-3\">Coincide con los motores est\u00e1ndar, ajustados por nuestros ingenieros de fabricaci\u00f3n.<\/td>\n<\/tr>\n<tr class=\"row-4\">\n\t<td class=\"column-1\">Relaci\u00f3n de transmisi\u00f3n<\/td><td class=\"column-2\">3-30 (Personalizable)<\/td><td class=\"column-3\">Alto par para perforaci\u00f3n profunda, personalizado seg\u00fan la experiencia del fabricante.<\/td>\n<\/tr>\n<tr class=\"row-5\">\n\t<td class=\"column-1\">Par de salida<\/td><td class=\"column-2\">20.000-150.000 N-m (personalizable)<\/td><td class=\"column-3\">Acciona tubos de perforaci\u00f3n de gran tama\u00f1o, dise\u00f1ados para cargas pesadas por un fabricante l\u00edder.<\/td>\n<\/tr>\n<tr class=\"row-6\">\n\t<td class=\"column-1\">Velocidad de salida<\/td><td class=\"column-2\">50-500 RPM (depende de la relaci\u00f3n)<\/td><td class=\"column-3\">Se ajusta a la velocidad de perforaci\u00f3n, con optimizaci\u00f3n de la relaci\u00f3n soportada por el fabricante.<\/td>\n<\/tr>\n<tr class=\"row-7\">\n\t<td class=\"column-1\">M\u00e9todo de montaje<\/td><td class=\"column-2\">Brida (est\u00e1ndar); Eje a medida<\/td><td class=\"column-3\">Instalaci\u00f3n r\u00e1pida, con montaje a medida de nuestro equipo de fabricaci\u00f3n.<\/td>\n<\/tr>\n<tr class=\"row-8\">\n\t<td class=\"column-1\">Grado de protecci\u00f3n<\/td><td class=\"column-2\">IP67 (IP68 opcional)<\/td><td class=\"column-3\">Protecci\u00f3n contra el polvo y el agua, ideal para su uso en alta mar, certificada por el fabricante.<\/td>\n<\/tr>\n<tr class=\"row-9\">\n\t<td class=\"column-1\">Nivel de ruido<\/td><td class=\"column-2\">\u226480 dB (cargado, 1 m de distancia)<\/td><td class=\"column-3\">Cumple las normas industriales, garantizadas por nuestro control de calidad de fabricaci\u00f3n.<\/td>\n<\/tr>\n<tr class=\"row-10\">\n\t<td class=\"column-1\">Eficacia<\/td><td class=\"column-2\">\u226596% (Depende de la proporci\u00f3n)<\/td><td class=\"column-3\">La alta eficiencia reduce los costes de combustible, una ventaja respaldada por el fabricante.<\/td>\n<\/tr>\n<\/tbody>\n<\/table>\n<\/div>\t\t\t\t<\/div>\n\t\t\t\t<\/div>\n\t\t\t\t<\/div>\n\t\t\t\t\t<\/div>\n\t\t\t\t<\/div>\n\t\t<div class=\"elementor-element elementor-element-6900bc4 e-flex e-con-boxed e-con e-parent\" data-id=\"6900bc4\" data-element_type=\"container\" data-e-type=\"container\">\n\t\t\t\t\t<div class=\"e-con-inner\">\n\t\t<div class=\"elementor-element elementor-element-b8ba195 e-con-full e-flex e-con e-child\" data-id=\"b8ba195\" data-element_type=\"container\" data-e-type=\"container\">\n\t\t\t\t<div class=\"elementor-element elementor-element-f63241a elementor-widget elementor-widget-heading\" data-id=\"f63241a\" data-element_type=\"widget\" data-e-type=\"widget\" data-widget_type=\"heading.default\">\n\t\t\t\t<div class=\"elementor-widget-container\">\n\t\t\t\t\t<h2 class=\"elementor-heading-title elementor-size-default\">Selecci\u00f3n r\u00e1pida en 3 pasos<\/h2>\t\t\t\t<\/div>\n\t\t\t\t<\/div>\n\t\t\t\t<div class=\"elementor-element elementor-element-0096bd3 elementor-widget elementor-widget-text-editor\" data-id=\"0096bd3\" data-element_type=\"widget\" data-e-type=\"widget\" data-widget_type=\"text-editor.default\">\n\t\t\t\t<div class=\"elementor-widget-container\">\n\t\t\t\t\t\t\t\t\t<ul class=\"auto-hide-last-sibling-br\" data-cici-select-uid=\"479d7f04-1685-4fc1-8ca8-22da45bae961\"><li data-cici-select-uid=\"9558be29-7cb0-4542-a117-2c5d2b254135\"><strong data-cici-select-uid=\"93bb3e09-dc23-4646-b217-3e0888037d76\">Identificar la aplicaci\u00f3n de perforaci\u00f3n<\/strong>: Especifique las necesidades en tierra, mar o pozos profundos: nuestro equipo de fabricaci\u00f3n comprende las cargas \u00fanicas.<\/li><li data-cici-select-uid=\"e7963f27-12bc-47d8-b9e8-80678fcfd9fd\"><strong data-cici-select-uid=\"b9dc3086-839f-4e54-bf40-906f0d8145de\">Compartir par\u00e1metros b\u00e1sicos<\/strong>: Velocidad de entrada, relaci\u00f3n de transmisi\u00f3n, par motor: obtenga los modelos recomendados por el fabricante en 24 horas.<\/li><li data-cici-select-uid=\"f3a71dfd-eb52-4afd-8e74-28f0389b77b4\"><strong data-cici-select-uid=\"d0b2717e-3056-43e0-929b-a3691946941b\">Solicitar soluciones personalizadas<\/strong>: Dise\u00f1os a prueba de explosiones y altas temperaturas, con plazos de entrega de 6 a 8 semanas desde nuestra f\u00e1brica.<\/li><\/ul>\t\t\t\t\t\t\t\t<\/div>\n\t\t\t\t<\/div>\n\t\t\t\t<div class=\"elementor-element elementor-element-c13a85b elementor-widget elementor-widget-heading\" data-id=\"c13a85b\" data-element_type=\"widget\" data-e-type=\"widget\" data-widget_type=\"heading.default\">\n\t\t\t\t<div class=\"elementor-widget-container\">\n\t\t\t\t\t<h2 class=\"elementor-heading-title elementor-size-default\">Listo para revitalizar su proceso de perforaci\u00f3n petrol\u00edfera\uff1f Hablemos<\/h2>\t\t\t\t<\/div>\n\t\t\t\t<\/div>\n\t\t\t\t<div class=\"elementor-element elementor-element-9857428 elementor-widget elementor-widget-text-editor\" data-id=\"9857428\" data-element_type=\"widget\" data-e-type=\"widget\" data-widget_type=\"text-editor.default\">\n\t\t\t\t<div class=\"elementor-widget-container\">\n\t\t\t\t\t\t\t\t\t<p><strong data-cici-select-uid=\"cd7d46a1-a331-420c-b54e-cc7d7858b940\">\u00a0\ud83c\udf0e Visita\u00a0<\/strong><b>Nuestro sitio web:<\/b>\u00a0<a class=\"link-_G3LTk\" href=\"https:\/\/kaiboi.com\/es\/\" target=\"_blank\" rel=\"noopener\" data-cici-select-uid=\"35a1e581-792c-4916-8131-0a51d60554e8\">https:\/\/kaiboi.com<\/a><\/p><p><strong data-cici-select-uid=\"382d5d09-afeb-4c2e-80c3-6424b9fe6ed1\">\u00a0\ud83d\udce7 \u00a0<\/strong><b>Solicite un presupuesto:<\/b>\u00a0<a href=\"mailto:info@kaiboi.com\">info@kaiboi.com<\/a><\/p><p>\u00a0<\/p>\t\t\t\t\t\t\t\t<\/div>\n\t\t\t\t<\/div>\n\t\t\t\t<\/div>\n\t\t<div class=\"elementor-element elementor-element-9b24d28 e-con-full e-flex e-con e-child\" data-id=\"9b24d28\" data-element_type=\"container\" data-e-type=\"container\">\n\t\t\t\t<div class=\"elementor-element elementor-element-497a175 elementor-widget elementor-widget-heading\" data-id=\"497a175\" data-element_type=\"widget\" data-e-type=\"widget\" data-widget_type=\"heading.default\">\n\t\t\t\t<div class=\"elementor-widget-container\">\n\t\t\t\t\t<h2 class=\"elementor-heading-title elementor-size-default\">Preguntas frecuentes<\/h2>\t\t\t\t<\/div>\n\t\t\t\t<\/div>\n\t\t\t\t<div class=\"elementor-element elementor-element-40e83d6 elementor-widget elementor-widget-text-editor\" data-id=\"40e83d6\" data-element_type=\"widget\" data-e-type=\"widget\" data-widget_type=\"text-editor.default\">\n\t\t\t\t<div class=\"elementor-widget-container\">\n\t\t\t\t\t\t\t\t\t<p class=\"header-OdWb_u auto-hide-last-sibling-br\" data-cici-select-uid=\"0d573893-7e15-4d9b-9301-4ee670758ba5\"><strong>P: \u00bfCu\u00e1nto cuesta una caja de cambios de perforaci\u00f3n petrol\u00edfera?<\/strong><\/p><p class=\"header-OdWb_u auto-hide-last-sibling-br\" data-cici-select-uid=\"f9def5b1-2ca7-4e4b-81f6-e953c0c4b421\"><strong>A:<\/strong> Los precios var\u00edan en funci\u00f3n de la potencia de entrada, los requisitos de par y la personalizaci\u00f3n. Como fabricante de cajas de engranajes personalizadas, proporcionamos presupuestos a medida en 24 horas; p\u00f3ngase en contacto con info@kaiboi.com para obtener un presupuesto detallado.<\/p><p class=\"header-OdWb_u auto-hide-last-sibling-br\" data-cici-select-uid=\"ad41d0ea-b145-4a7a-a14c-21467e6a6fd4\"><strong>P: \u00bfSe puede utilizar el reductor en entornos antideflagrantes?<\/strong><\/p><p class=\"header-OdWb_u auto-hide-last-sibling-br\" data-cici-select-uid=\"ef797a74-f75a-4f5d-a1ee-c5e200612b9f\"><strong>A<\/strong>: S\u00ed: ofrecemos reductores a prueba de explosiones (con certificaci\u00f3n ATEX\/IECEx) para zonas peligrosas. Los dise\u00f1os personalizados integran carcasas antideflagrantes y componentes resistentes a las chispas para entornos explosivos terrestres y mar\u00edtimos.<\/p><p class=\"header-OdWb_u auto-hide-last-sibling-br\" data-cici-select-uid=\"68536671-b1a9-4942-bb56-2e4adb800577\"><strong>P: \u00bfC\u00f3mo recomienda su equipo de fabricaci\u00f3n el mantenimiento de las cajas de cambios?<\/strong><\/p><p class=\"header-OdWb_u auto-hide-last-sibling-br\" data-cici-select-uid=\"9a4b1025-88cb-46fe-b6bb-2d7df8b3a33d\"><strong>A<\/strong>: Sustituir el aceite cada 1.000-1.500 h (unidades nuevas), despu\u00e9s trimestralmente con ISO VG 460 EP. Nuestros fabricantes aconsejan inspecciones mensuales de engranajes\/rodamientos y control de temperatura\/vibraciones.<\/p>\t\t\t\t\t\t\t\t<\/div>\n\t\t\t\t<\/div>\n\t\t\t\t<\/div>\n\t\t\t\t\t<\/div>\n\t\t\t\t<\/div>\n\t\t\t\t<\/div>","protected":false},"excerpt":{"rendered":"<p>Oil Drilling Gearbox KAIBO\u2019s oil drilling gearbox, engineered for harsh environments, delivers torque, low vibration, long life via precision gears, rugged housing &amp; advanced cooling. Ideal for onshore\/offshore rigs, deep-well &amp; mud pump apps, it ensures 97% efficiency in high temps. As custom gearbox manufacturer, we tailor solutions for corrosion-resistant offshore drives, with fast customization [&hellip;]<\/p>","protected":false},"author":1,"featured_media":7476,"parent":0,"menu_order":0,"comment_status":"closed","ping_status":"closed","template":"","meta":{"site-sidebar-layout":"no-sidebar","site-content-layout":"page-builder","ast-site-content-layout":"full-width-container","site-content-style":"default","site-sidebar-style":"default","ast-global-header-display":"","ast-banner-title-visibility":"","ast-main-header-display":"","ast-hfb-above-header-display":"","ast-hfb-below-header-display":"","ast-hfb-mobile-header-display":"","site-post-title":"disabled","ast-breadcrumbs-content":"","ast-featured-img":"disabled","footer-sml-layout":"","theme-transparent-header-meta":"","adv-header-id-meta":"","stick-header-meta":"","header-above-stick-meta":"","header-main-stick-meta":"","header-below-stick-meta":"","astra-migrate-meta-layouts":"set","ast-page-background-enabled":"default","ast-page-background-meta":{"desktop":{"background-color":"var(--ast-global-color-4)","background-image":"","background-repeat":"repeat","background-position":"center center","background-size":"auto","background-attachment":"scroll","background-type":"","background-media":"","overlay-type":"","overlay-color":"","overlay-opacity":"","overlay-gradient":""},"tablet":{"background-color":"","background-image":"","background-repeat":"repeat","background-position":"center center","background-size":"auto","background-attachment":"scroll","background-type":"","background-media":"","overlay-type":"","overlay-color":"","overlay-opacity":"","overlay-gradient":""},"mobile":{"background-color":"","background-image":"","background-repeat":"repeat","background-position":"center center","background-size":"auto","background-attachment":"scroll","background-type":"","background-media":"","overlay-type":"","overlay-color":"","overlay-opacity":"","overlay-gradient":""}},"ast-content-background-meta":{"desktop":{"background-color":"var(--ast-global-color-5)","background-image":"","background-repeat":"repeat","background-position":"center center","background-size":"auto","background-attachment":"scroll","background-type":"","background-media":"","overlay-type":"","overlay-color":"","overlay-opacity":"","overlay-gradient":""},"tablet":{"background-color":"var(--ast-global-color-5)","background-image":"","background-repeat":"repeat","background-position":"center center","background-size":"auto","background-attachment":"scroll","background-type":"","background-media":"","overlay-type":"","overlay-color":"","overlay-opacity":"","overlay-gradient":""},"mobile":{"background-color":"var(--ast-global-color-5)","background-image":"","background-repeat":"repeat","background-position":"center center","background-size":"auto","background-attachment":"scroll","background-type":"","background-media":"","overlay-type":"","overlay-color":"","overlay-opacity":"","overlay-gradient":""}},"footnotes":""},"class_list":["post-7652","page","type-page","status-publish","has-post-thumbnail","hentry"],"_links":{"self":[{"href":"https:\/\/kaiboi.com\/es\/wp-json\/wp\/v2\/pages\/7652","targetHints":{"allow":["GET"]}}],"collection":[{"href":"https:\/\/kaiboi.com\/es\/wp-json\/wp\/v2\/pages"}],"about":[{"href":"https:\/\/kaiboi.com\/es\/wp-json\/wp\/v2\/types\/page"}],"author":[{"embeddable":true,"href":"https:\/\/kaiboi.com\/es\/wp-json\/wp\/v2\/users\/1"}],"replies":[{"embeddable":true,"href":"https:\/\/kaiboi.com\/es\/wp-json\/wp\/v2\/comments?post=7652"}],"version-history":[{"count":0,"href":"https:\/\/kaiboi.com\/es\/wp-json\/wp\/v2\/pages\/7652\/revisions"}],"wp:featuredmedia":[{"embeddable":true,"href":"https:\/\/kaiboi.com\/es\/wp-json\/wp\/v2\/media\/7476"}],"wp:attachment":[{"href":"https:\/\/kaiboi.com\/es\/wp-json\/wp\/v2\/media?parent=7652"}],"curies":[{"name":"wp","href":"https:\/\/api.w.org\/{rel}","templated":true}]}}