{"id":7425,"date":"2025-06-10T19:00:07","date_gmt":"2025-06-10T19:00:07","guid":{"rendered":"https:\/\/kaiboi.com\/?page_id=7425"},"modified":"2025-06-12T09:50:31","modified_gmt":"2025-06-12T09:50:31","slug":"high-torque-extruder-gearbox","status":"publish","type":"page","link":"https:\/\/kaiboi.com\/es\/high-torque-extruder-gearbox\/","title":{"rendered":"Reductor de alto par para extrusoras"},"content":{"rendered":"<div data-elementor-type=\"wp-page\" data-elementor-id=\"7425\" class=\"elementor elementor-7425\" data-elementor-post-type=\"page\">\n\t\t\t\t<div class=\"elementor-element elementor-element-7a649bc e-flex e-con-boxed e-con e-parent\" data-id=\"7a649bc\" data-element_type=\"container\" data-e-type=\"container\">\n\t\t\t\t\t<div class=\"e-con-inner\">\n\t\t<div class=\"elementor-element elementor-element-8c8d8b6 e-con-full e-flex e-con e-child\" data-id=\"8c8d8b6\" data-element_type=\"container\" data-e-type=\"container\">\n\t\t\t\t<div class=\"elementor-element elementor-element-df31f94 elementor-widget__width-initial elementor-widget elementor-widget-heading\" data-id=\"df31f94\" data-element_type=\"widget\" data-e-type=\"widget\" data-widget_type=\"heading.default\">\n\t\t\t\t<div class=\"elementor-widget-container\">\n\t\t\t\t\t<h1 class=\"elementor-heading-title elementor-size-default\">Reductor de alto par para extrusoras<\/h1>\t\t\t\t<\/div>\n\t\t\t\t<\/div>\n\t\t\t\t<div class=\"elementor-element elementor-element-7fafe24 elementor-widget__width-initial elementor-widget elementor-widget-text-editor\" data-id=\"7fafe24\" data-element_type=\"widget\" data-e-type=\"widget\" data-widget_type=\"text-editor.default\">\n\t\t\t\t<div class=\"elementor-widget-container\">\n\t\t\t\t\t\t\t\t\t<p>La caja de engranajes para extrusoras de alto par de KAIBO est\u00e1 dise\u00f1ada para extrusoras de pl\u00e1stico. Con engranajes rectificados con precisi\u00f3n, una carcasa robusta y lubricaci\u00f3n avanzada, ofrece una alta transmisi\u00f3n de par, bajo nivel de ruido y fiabilidad a largo plazo. Ideal para granuladoras, l\u00edneas de pel\u00edcula fundida y m\u00e1quinas de extrusi\u00f3n de l\u00e1minas. Entrega r\u00e1pida y excelente servicio posventa.<\/p>\t\t\t\t\t\t\t\t<\/div>\n\t\t\t\t<\/div>\n\t\t\t\t<div class=\"elementor-element elementor-element-7306696 elementor-align-left elementor-widget elementor-widget-button\" data-id=\"7306696\" data-element_type=\"widget\" data-e-type=\"widget\" data-widget_type=\"button.default\">\n\t\t\t\t<div class=\"elementor-widget-container\">\n\t\t\t\t\t\t\t\t\t<div class=\"elementor-button-wrapper\">\n\t\t\t\t\t<a class=\"elementor-button elementor-button-link elementor-size-sm\" href=\"https:\/\/kaiboi.com\/es\/products\/\">\n\t\t\t\t\t\t<span class=\"elementor-button-content-wrapper\">\n\t\t\t\t\t\t\t\t\t<span class=\"elementor-button-text\">M\u00c1S PRODUCTOS<\/span>\n\t\t\t\t\t<\/span>\n\t\t\t\t\t<\/a>\n\t\t\t\t<\/div>\n\t\t\t\t\t\t\t\t<\/div>\n\t\t\t\t<\/div>\n\t\t\t\t<\/div>\n\t\t<div class=\"elementor-element elementor-element-a3a9b17 e-con-full e-flex e-con e-child\" data-id=\"a3a9b17\" data-element_type=\"container\" data-e-type=\"container\">\n\t\t\t\t<div class=\"elementor-element elementor-element-89bb2a2 elementor-widget__width-initial elementor-widget elementor-widget-image\" data-id=\"89bb2a2\" data-element_type=\"widget\" data-e-type=\"widget\" data-widget_type=\"image.default\">\n\t\t\t\t<div class=\"elementor-widget-container\">\n\t\t\t\t\t\t\t\t\t\t\t\t\t\t\t<img data-opt-id=880442538  fetchpriority=\"high\" decoding=\"async\" width=\"889\" height=\"1100\" src=\"https:\/\/mltsnlgrb38g.i.optimole.com\/cb:AU9O.daf\/w:auto\/h:auto\/q:mauto\/f:best\/https:\/\/kaiboi.com\/wp-content\/uploads\/2025\/06\/Custom-High-Torque-Extruder-Gearbox.jpg\" class=\"attachment-full size-full wp-image-7297\" alt=\"KAIBO Reductor industrial a medida para extrusora de alto par\" srcset=\"https:\/\/mltsnlgrb38g.i.optimole.com\/cb:AU9O.daf\/w:872\/h:1080\/q:mauto\/f:best\/https:\/\/kaiboi.com\/wp-content\/uploads\/2025\/06\/Custom-High-Torque-Extruder-Gearbox.jpg 889w, https:\/\/mltsnlgrb38g.i.optimole.com\/cb:AU9O.daf\/w:242\/h:300\/q:mauto\/f:best\/https:\/\/kaiboi.com\/wp-content\/uploads\/2025\/06\/Custom-High-Torque-Extruder-Gearbox.jpg 242w, https:\/\/mltsnlgrb38g.i.optimole.com\/cb:AU9O.daf\/w:485\/h:600\/q:mauto\/f:best\/https:\/\/kaiboi.com\/wp-content\/uploads\/2025\/06\/Custom-High-Torque-Extruder-Gearbox.jpg 485w, https:\/\/mltsnlgrb38g.i.optimole.com\/cb:AU9O.daf\/w:768\/h:950\/q:mauto\/f:best\/https:\/\/kaiboi.com\/wp-content\/uploads\/2025\/06\/Custom-High-Torque-Extruder-Gearbox.jpg 768w, https:\/\/mltsnlgrb38g.i.optimole.com\/cb:AU9O.daf\/w:872\/h:1080\/q:mauto\/f:best\/dpr:2\/https:\/\/kaiboi.com\/wp-content\/uploads\/2025\/06\/Custom-High-Torque-Extruder-Gearbox.jpg 2x\" sizes=\"(max-width: 889px) 100vw, 889px\" \/>\t\t\t\t\t\t\t\t\t\t\t\t\t\t\t<\/div>\n\t\t\t\t<\/div>\n\t\t\t\t<\/div>\n\t\t\t\t\t<\/div>\n\t\t\t\t<\/div>\n\t\t<div class=\"elementor-element elementor-element-8b6c759 e-flex e-con-boxed e-con e-parent\" data-id=\"8b6c759\" data-element_type=\"container\" data-e-type=\"container\">\n\t\t\t\t\t<div class=\"e-con-inner\">\n\t\t\t\t<div class=\"elementor-element elementor-element-91e4e20 elementor-widget-divider--view-line elementor-widget elementor-widget-divider\" data-id=\"91e4e20\" data-element_type=\"widget\" data-e-type=\"widget\" data-widget_type=\"divider.default\">\n\t\t\t\t<div class=\"elementor-widget-container\">\n\t\t\t\t\t\t\t<div class=\"elementor-divider\">\n\t\t\t<span class=\"elementor-divider-separator\">\n\t\t\t\t\t\t<\/span>\n\t\t<\/div>\n\t\t\t\t\t\t<\/div>\n\t\t\t\t<\/div>\n\t\t\t\t\t<\/div>\n\t\t\t\t<\/div>\n\t\t<div class=\"elementor-element elementor-element-26dfe14 e-flex e-con-boxed e-con e-parent\" data-id=\"26dfe14\" data-element_type=\"container\" data-e-type=\"container\">\n\t\t\t\t\t<div class=\"e-con-inner\">\n\t\t<div class=\"elementor-element elementor-element-50e3224 e-con-full e-flex e-con e-child\" data-id=\"50e3224\" data-element_type=\"container\" data-e-type=\"container\">\n\t\t\t\t<div class=\"elementor-element elementor-element-4efaf50 elementor-widget__width-initial elementor-widget elementor-widget-elementskit-heading\" data-id=\"4efaf50\" data-element_type=\"widget\" data-e-type=\"widget\" data-widget_type=\"elementskit-heading.default\">\n\t\t\t\t<div class=\"elementor-widget-container\">\n\t\t\t\t\t<div class=\"ekit-wid-con\" ><div class=\"ekit-heading elementskit-section-title-wraper text_left   ekit_heading_tablet-   ekit_heading_mobile-\"><h2 class=\"ekit-heading--title elementskit-section-title\">Productos<\/h2>\t\t\t\t<div class='ekit-heading__description'>\n\t\t\t\t\t<p>El reductor de alto par para extrusoras de KAIBO, con certificaci\u00f3n ISO 9001 y dise\u00f1ado a medida para extrusoras de pl\u00e1stico (granuladoras, l\u00edneas de film fundido, l\u00edneas de l\u00e1minas), resuelve los retos de transmisi\u00f3n de potencia de alta carga con un rectificado de engranajes de precisi\u00f3n 18CrNiMo7-6 y una carcasa de hierro d\u00factil, proporcionando un funcionamiento silencioso y eficiente de 98% que reduce los costes energ\u00e9ticos en 15% para la granulaci\u00f3n de PP\/PE y la producci\u00f3n de film de alta velocidad de 200m\/min.<\/p>\n\t\t\t\t<\/div>\n\t\t\t<\/div><\/div>\t\t\t\t<\/div>\n\t\t\t\t<\/div>\n\t\t\t\t<div class=\"elementor-element elementor-element-9d16fd0 elementor-widget elementor-widget-heading\" data-id=\"9d16fd0\" data-element_type=\"widget\" data-e-type=\"widget\" data-widget_type=\"heading.default\">\n\t\t\t\t<div class=\"elementor-widget-container\">\n\t\t\t\t\t<h2 class=\"elementor-heading-title elementor-size-default\">Principales ventajas<\/h2>\t\t\t\t<\/div>\n\t\t\t\t<\/div>\n\t\t\t\t<div class=\"elementor-element elementor-element-83e214f elementor-widget elementor-widget-text-editor\" data-id=\"83e214f\" data-element_type=\"widget\" data-e-type=\"widget\" data-widget_type=\"text-editor.default\">\n\t\t\t\t<div class=\"elementor-widget-container\">\n\t\t\t\t\t\t\t\t\t<ul class=\"auto-hide-last-sibling-br\"><li>Carcasa de aleaci\u00f3n de alta resistencia\/hierro d\u00factil resistente a la deformaci\u00f3n\/corrosi\u00f3n.<\/li><li>Engranajes de aleaci\u00f3n de alta calidad: tratados t\u00e9rmicamente y rectificados con precisi\u00f3n para una transmisi\u00f3n suave.<\/li><li>La avanzada lubricaci\u00f3n forzada reduce la fricci\u00f3n y aumenta la eficiencia.<\/li><li>El dise\u00f1o a medida del extrusor soporta cargas elevadas y estabiliza tornillos de gran tama\u00f1o.<\/li><li>Engranajes optimizados + mecanizado de precisi\u00f3n: ruido \u226475dB (sin carga).<\/li><li>Las rigurosas pruebas realizadas garantizan una larga vida \u00fatil y un bajo mantenimiento.<\/li><\/ul>\t\t\t\t\t\t\t\t<\/div>\n\t\t\t\t<\/div>\n\t\t\t\t<div class=\"elementor-element elementor-element-1839fdd elementor-widget elementor-widget-heading\" data-id=\"1839fdd\" data-element_type=\"widget\" data-e-type=\"widget\" data-widget_type=\"heading.default\">\n\t\t\t\t<div class=\"elementor-widget-container\">\n\t\t\t\t\t<h2 class=\"elementor-heading-title elementor-size-default\">Escenarios de aplicaci\u00f3n<\/h2>\t\t\t\t<\/div>\n\t\t\t\t<\/div>\n\t\t\t\t<div class=\"elementor-element elementor-element-e10479b elementor-widget elementor-widget-text-editor\" data-id=\"e10479b\" data-element_type=\"widget\" data-e-type=\"widget\" data-widget_type=\"text-editor.default\">\n\t\t\t\t<div class=\"elementor-widget-container\">\n\t\t\t\t\t\t\t\t\t<ul class=\"auto-hide-last-sibling-br\"><li>Accionamientos de husillo de alta velocidad para la granulaci\u00f3n de PP\/PE<\/li><li>L\u00edneas de pel\u00edcula fundida de alta velocidad (control de espesor)<\/li><li>Extrusi\u00f3n de l\u00e1minas de carga pesada (l\u00e1minas de ABS\/PVC)<\/li><li>Sistemas de producci\u00f3n continua energ\u00e9ticamente eficientes<\/li><li>Aseguramiento de la calidad de la pel\u00edcula\/hoja de alta precisi\u00f3n<\/li><\/ul>\t\t\t\t\t\t\t\t<\/div>\n\t\t\t\t<\/div>\n\t\t\t\t<\/div>\n\t\t<div class=\"elementor-element elementor-element-ba71451 e-con-full e-flex e-con e-child\" data-id=\"ba71451\" data-element_type=\"container\" data-e-type=\"container\">\n\t\t\t\t<div class=\"elementor-element elementor-element-5478adb elementor-widget elementor-widget-heading\" data-id=\"5478adb\" data-element_type=\"widget\" data-e-type=\"widget\" data-widget_type=\"heading.default\">\n\t\t\t\t<div class=\"elementor-widget-container\">\n\t\t\t\t\t<h2 class=\"elementor-heading-title elementor-size-default\">Especificaciones t\u00e9cnicas<\/h2>\t\t\t\t<\/div>\n\t\t\t\t<\/div>\n\t\t\t\t<div class=\"elementor-element elementor-element-b3cf257 elementor-widget elementor-widget-elementskit-tablepress\" data-id=\"b3cf257\" data-element_type=\"widget\" data-e-type=\"widget\" data-widget_type=\"elementskit-tablepress.default\">\n\t\t\t\t<div class=\"elementor-widget-container\">\n\t\t\t\t\t<div class=\"elemenetskit-tablepress ekit-wid-con\" id=\"ekit_tablepress_b3cf257\">\n<table id=\"tablepress-2\" class=\"tablepress tablepress-id-2\">\n<thead>\n<tr class=\"row-1\">\n\t<th class=\"column-1\">Par\u00e1metro<\/th><th class=\"column-2\">Valor t\u00edpico<\/th><th class=\"column-3\">Notas<\/th>\n<\/tr>\n<\/thead>\n<tbody class=\"row-striping row-hover\">\n<tr class=\"row-2\">\n\t<td class=\"column-1\">Potencia de entrada<\/td><td class=\"column-2\">0,75-75 kW\uff08Personalizable\uff09<\/td><td class=\"column-3\">Adecuado para granuladores, pel\u00edculas fundidas y extrusi\u00f3n de l\u00e1minas.<\/td>\n<\/tr>\n<tr class=\"row-3\">\n\t<td class=\"column-1\">Velocidad de entrada<\/td><td class=\"column-2\">\u22643000 RPM<\/td><td class=\"column-3\">Se adapta a los motores est\u00e1ndar de las extrusoras; accionamiento estable del husillo.<\/td>\n<\/tr>\n<tr class=\"row-4\">\n\t<td class=\"column-1\">Relaci\u00f3n de transmisi\u00f3n<\/td><td class=\"column-2\">5-50\uff08Personalizable\uff09<\/td><td class=\"column-3\">Alto par para baja\/alta velocidad: granulaci\u00f3n\/film fundido.<\/td>\n<\/tr>\n<tr class=\"row-5\">\n\t<td class=\"column-1\">Par de salida<\/td><td class=\"column-2\">8.000-50.000 N-m\uff08Personalizable\uff09<\/td><td class=\"column-3\">Accionamiento estable para tornillos de gran di\u00e1metro en cargas pesadas.<\/td>\n<\/tr>\n<tr class=\"row-6\">\n\t<td class=\"column-1\">Velocidad de salida<\/td><td class=\"column-2\">50-1500 RPM, en funci\u00f3n de la relaci\u00f3n de transmisi\u00f3n<\/td><td class=\"column-3\">Se ajusta mediante la relaci\u00f3n de transmisi\u00f3n para una producci\u00f3n de 30-200 m\/min.<\/td>\n<\/tr>\n<tr class=\"row-7\">\n\t<td class=\"column-1\">M\u00e9todo de montaje<\/td><td class=\"column-2\">Brida (est\u00e1ndar); Eje (a medida)<\/td><td class=\"column-3\">Montaje r\u00e1pido o reequipamiento para configuraciones no est\u00e1ndar.<\/td>\n<\/tr>\n<tr class=\"row-8\">\n\t<td class=\"column-1\">Grado de protecci\u00f3n<\/td><td class=\"column-2\">IP54\uff08IP65 Opcional\uff09<\/td><td class=\"column-3\">Protecci\u00f3n contra el polvo y la humedad; IP65 para entornos extremos.<\/td>\n<\/tr>\n<tr class=\"row-9\">\n\t<td class=\"column-1\">Nivel de ruido<\/td><td class=\"column-2\">\u226475 dB\uff08Sin carga, 1 m de distancia\uff09<\/td><td class=\"column-3\">Bajo nivel de ruido para un funcionamiento silencioso en l\u00edneas de producci\u00f3n.<\/td>\n<\/tr>\n<tr class=\"row-10\">\n\t<td class=\"column-1\">Eficacia<\/td><td class=\"column-2\">\u226595%\uff08Depende de la proporci\u00f3n\uff09<\/td><td class=\"column-3\">La alta eficiencia reduce los costes energ\u00e9ticos en las tiradas continuas.<\/td>\n<\/tr>\n<\/tbody>\n<\/table>\n<\/div>\t\t\t\t<\/div>\n\t\t\t\t<\/div>\n\t\t\t\t<\/div>\n\t\t\t\t\t<\/div>\n\t\t\t\t<\/div>\n\t\t<div class=\"elementor-element elementor-element-4648964 e-flex e-con-boxed e-con e-parent\" data-id=\"4648964\" data-element_type=\"container\" data-e-type=\"container\">\n\t\t\t\t\t<div class=\"e-con-inner\">\n\t\t<div class=\"elementor-element elementor-element-0ee321e e-con-full e-flex e-con e-child\" data-id=\"0ee321e\" data-element_type=\"container\" data-e-type=\"container\">\n\t\t\t\t<div class=\"elementor-element elementor-element-e471928 elementor-widget elementor-widget-heading\" data-id=\"e471928\" data-element_type=\"widget\" data-e-type=\"widget\" data-widget_type=\"heading.default\">\n\t\t\t\t<div class=\"elementor-widget-container\">\n\t\t\t\t\t<h2 class=\"elementor-heading-title elementor-size-default\">Selecci\u00f3n r\u00e1pida en 3 pasos<\/h2>\t\t\t\t<\/div>\n\t\t\t\t<\/div>\n\t\t\t\t<div class=\"elementor-element elementor-element-e782973 elementor-widget elementor-widget-text-editor\" data-id=\"e782973\" data-element_type=\"widget\" data-e-type=\"widget\" data-widget_type=\"text-editor.default\">\n\t\t\t\t<div class=\"elementor-widget-container\">\n\t\t\t\t\t\t\t\t\t<ul class=\"auto-hide-last-sibling-br\"><li data-cici-select-uid=\"bab50cda-f701-46c0-9c69-f44879a43828\"><div class=\"auto-hide-last-sibling-br paragraph-Oc488D paragraph-element br-paragraph-space\" data-cici-select-uid=\"e98694dc-c9bf-4c05-966b-5445db520465\"><strong data-cici-select-uid=\"c0614ac7-01bd-40fe-aeca-352133a27d58\">Identificar el tipo de equipo<\/strong><br class=\"container-Vdm5p7 wrapper-_7axQ_ undefined\" data-cici-select-uid=\"a18d0fbd-de63-4368-bf1d-81358c0e1e4d\" \/>Determine si es para granulaci\u00f3n, pel\u00edcula fundida o extrusi\u00f3n de l\u00e1minas: cada una tiene unos requisitos de carga \u00fanicos.<\/div><\/li><li data-cici-select-uid=\"09d4608c-6ea1-492d-9da0-93a886c45f94\"><div class=\"auto-hide-last-sibling-br paragraph-Oc488D paragraph-element br-paragraph-space\" data-cici-select-uid=\"01089164-e5bf-4545-a311-0779dfb0736b\"><strong data-cici-select-uid=\"15fa340c-5a82-4865-a74a-c4acf0d81023\">Compartir par\u00e1metros b\u00e1sicos<\/strong><br class=\"container-Vdm5p7 wrapper-_7axQ_ undefined\" data-cici-select-uid=\"c70152cb-3cdc-4a6d-93f3-862551392ca9\" \/>Indique la velocidad de entrada, la relaci\u00f3n de transmisi\u00f3n deseada y el par de salida. Nuestro equipo t\u00e9cnico le recomendar\u00e1 los modelos adecuados en 24 horas.<\/div><\/li><li data-cici-select-uid=\"9af58008-ce8d-4eb4-aec8-c52fbf9faad9\"><div class=\"auto-hide-last-sibling-br paragraph-Oc488D paragraph-element br-paragraph-space\" data-cici-select-uid=\"f2a022e7-62cf-4d29-9e7f-f902c3686e15\"><strong data-cici-select-uid=\"602e9441-fbe8-45e5-8ea5-991b874a9509\">Solicitar soluciones personalizadas<\/strong><br class=\"container-Vdm5p7 wrapper-_7axQ_ undefined\" data-cici-select-uid=\"18d576a4-2efa-45be-b0e9-ad4f32dd48aa\" \/>Para necesidades especiales (alta temperatura, protecci\u00f3n contra explosiones, interfaces no est\u00e1ndar), ofrecemos dise\u00f1os a medida con plazos de entrega de 4 a 6 semanas.<\/div><\/li><\/ul>\t\t\t\t\t\t\t\t<\/div>\n\t\t\t\t<\/div>\n\t\t\t\t<div class=\"elementor-element elementor-element-d6f4ab2 elementor-widget elementor-widget-heading\" data-id=\"d6f4ab2\" data-element_type=\"widget\" data-e-type=\"widget\" data-widget_type=\"heading.default\">\n\t\t\t\t<div class=\"elementor-widget-container\">\n\t\t\t\t\t<h2 class=\"elementor-heading-title elementor-size-default\">Listo para revitalizar su proceso de extrusi\u00f3n\uff1f Hablemos<\/h2>\t\t\t\t<\/div>\n\t\t\t\t<\/div>\n\t\t\t\t<div class=\"elementor-element elementor-element-c8c8509 elementor-widget elementor-widget-text-editor\" data-id=\"c8c8509\" data-element_type=\"widget\" data-e-type=\"widget\" data-widget_type=\"text-editor.default\">\n\t\t\t\t<div class=\"elementor-widget-container\">\n\t\t\t\t\t\t\t\t\t<p><strong data-cici-select-uid=\"cd7d46a1-a331-420c-b54e-cc7d7858b940\">\u00a0\ud83c\udf0e Visita\u00a0<\/strong><b>Nuestro sitio web:<\/b>\u00a0<a class=\"link-_G3LTk\" href=\"https:\/\/kaiboi.com\/es\/\" target=\"_blank\" rel=\"noopener\" data-cici-select-uid=\"35a1e581-792c-4916-8131-0a51d60554e8\">https:\/\/kaiboi.com<\/a><\/p><p><strong data-cici-select-uid=\"382d5d09-afeb-4c2e-80c3-6424b9fe6ed1\">\u00a0\ud83d\udce7 \u00a0<\/strong><b>Solicite un presupuesto:<\/b>\u00a0<a href=\"mailto:info@kaiboi.com\">info@kaiboi.com<\/a><\/p><p>\u00a0\ud83d\udcc2 \u00a0<strong data-cici-select-uid=\"382d5d09-afeb-4c2e-80c3-6424b9fe6ed1\">Descargar gratis <\/strong>: <a href=\"https:\/\/kaiboi.com\/wp-content\/uploads\/2025\/05\/Extruder-Gearbox-Selection-Manual.pdf\">Manual De Selecci\u00f3n De Reductores Para Extrusoras.PDF<\/a><\/p>\t\t\t\t\t\t\t\t<\/div>\n\t\t\t\t<\/div>\n\t\t\t\t<\/div>\n\t\t<div class=\"elementor-element elementor-element-2d02790 e-con-full e-flex e-con e-child\" data-id=\"2d02790\" data-element_type=\"container\" data-e-type=\"container\">\n\t\t\t\t<div class=\"elementor-element elementor-element-ecd38c0 elementor-widget elementor-widget-heading\" data-id=\"ecd38c0\" data-element_type=\"widget\" data-e-type=\"widget\" data-widget_type=\"heading.default\">\n\t\t\t\t<div class=\"elementor-widget-container\">\n\t\t\t\t\t<h2 class=\"elementor-heading-title elementor-size-default\">Preguntas frecuentes<\/h2>\t\t\t\t<\/div>\n\t\t\t\t<\/div>\n\t\t\t\t<div class=\"elementor-element elementor-element-969b229 elementor-widget elementor-widget-text-editor\" data-id=\"969b229\" data-element_type=\"widget\" data-e-type=\"widget\" data-widget_type=\"text-editor.default\">\n\t\t\t\t<div class=\"elementor-widget-container\">\n\t\t\t\t\t\t\t\t\t<div class=\"auto-hide-last-sibling-br paragraph-Oc488D paragraph-element br-paragraph-space\" data-cici-select-uid=\"7cbe003a-29e2-4bdc-812d-8fe908131b75\"><strong data-cici-select-uid=\"0eb86903-034b-4088-b848-768209e2e89a\">P: \u00bfC\u00f3mo elegir el reductor adecuado para mi extrusora?<\/strong><br class=\"container-Vdm5p7 wrapper-_7axQ_ undefined\" data-cici-select-uid=\"6c23272a-5aaa-4be4-9b37-81c5443fcaeb\" \/><strong data-cici-select-uid=\"3f85454d-c441-485f-831e-2a6f760be73a\">A:<\/strong>\u00a0Comience por compartir el tipo de equipo y los par\u00e1metros de funcionamiento (velocidad\/par). Nuestros ingenieros analizar\u00e1n la compatibilidad y le propondr\u00e1n opciones, sin necesidad de calculadora, solo una consulta t\u00e9cnica directa.<\/div><div data-cici-select-uid=\"7cbe003a-29e2-4bdc-812d-8fe908131b75\">\u00a0<\/div><div class=\"auto-hide-last-sibling-br paragraph-Oc488D paragraph-element br-paragraph-space\" data-cici-select-uid=\"7cbe003a-29e2-4bdc-812d-8fe908131b75\"><strong data-cici-select-uid=\"c63ee53e-ef49-417c-9108-37ac007df363\">P: \u00bfCu\u00e1l es el plazo de entrega de las cajas de cambios personalizadas?<\/strong><br class=\"container-Vdm5p7 wrapper-_7axQ_ undefined\" data-cici-select-uid=\"7135cecc-8c23-4b18-b566-1923be4dbc97\" \/><strong data-cici-select-uid=\"ba833ae9-0898-4bbc-9477-08503f245628\">A:<\/strong>\u00a0Los modelos est\u00e1ndar se env\u00edan en 72 horas. Los dise\u00f1os personalizados tardan entre 4 y 6 semanas.<\/div><div data-cici-select-uid=\"7cbe003a-29e2-4bdc-812d-8fe908131b75\">\u00a0<\/div><div data-cici-select-uid=\"7cbe003a-29e2-4bdc-812d-8fe908131b75\"><strong>P: \u00bfC\u00f3mo mantener la caja de engranajes de una extrusora para conseguir un rendimiento y una longevidad \u00f3ptimos?<\/strong><\/div><div data-cici-select-uid=\"7cbe003a-29e2-4bdc-812d-8fe908131b75\"><strong data-cici-select-uid=\"7b996d35-c49e-4194-abc4-4ef50c3f8262\">A:<\/strong>\u00a0El mantenimiento regular es fundamental. Empiece sustituyendo el aceite de los engranajes cada 500-800 horas en las cajas de cambios nuevas, y despu\u00e9s anualmente o tras 4.000-8.000 horas utilizando aceites sint\u00e9ticos de alta temperatura como el ISO 680 EP . A continuaci\u00f3n, inspeccione mensualmente los engranajes en busca de desgaste (pula las peque\u00f1as rebabas) y los cojinetes en busca de grietas o ruidos, sustituyendo inmediatamente los componentes da\u00f1ados . Adem\u00e1s, controle la temperatura del aceite (por debajo de 70 \u00b0C) y los niveles de vibraci\u00f3n para detectar problemas en una fase temprana. En aplicaciones de alta temperatura, utilice cajas de engranajes con camisas de refrigeraci\u00f3n para evitar la dilataci\u00f3n t\u00e9rmica. Realice un mantenimiento predictivo mediante el an\u00e1lisis de vibraciones y la detecci\u00f3n de part\u00edculas de aceite para reducir el tiempo de inactividad.<\/div>\t\t\t\t\t\t\t\t<\/div>\n\t\t\t\t<\/div>\n\t\t\t\t<\/div>\n\t\t\t\t\t<\/div>\n\t\t\t\t<\/div>\n\t\t\t\t<\/div>","protected":false},"excerpt":{"rendered":"<p>High-Torque Extruder Gearbox KAIBO&#8217;s high-torque extruder gearbox is engineered for plastic extruders. With precision-ground gears, a robust housing, and advanced lubrication, it offers high torque transmission, low noise, and long-term reliability. Ideal for granulators, cast film lines, and sheet extrusion machines. Fast delivery and excellent after-sales support. MORE PRODUCTS Product Overview KAIBO&#8217;s High-Torque Extruder Gearbox, [&hellip;]<\/p>","protected":false},"author":1,"featured_media":6238,"parent":0,"menu_order":0,"comment_status":"closed","ping_status":"closed","template":"","meta":{"site-sidebar-layout":"no-sidebar","site-content-layout":"page-builder","ast-site-content-layout":"full-width-container","site-content-style":"unboxed","site-sidebar-style":"unboxed","ast-global-header-display":"","ast-banner-title-visibility":"","ast-main-header-display":"","ast-hfb-above-header-display":"","ast-hfb-below-header-display":"","ast-hfb-mobile-header-display":"","site-post-title":"disabled","ast-breadcrumbs-content":"","ast-featured-img":"disabled","footer-sml-layout":"","theme-transparent-header-meta":"","adv-header-id-meta":"","stick-header-meta":"","header-above-stick-meta":"","header-main-stick-meta":"","header-below-stick-meta":"","astra-migrate-meta-layouts":"set","ast-page-background-enabled":"default","ast-page-background-meta":{"desktop":{"background-color":"var(--ast-global-color-4)","background-image":"","background-repeat":"repeat","background-position":"center center","background-size":"auto","background-attachment":"scroll","background-type":"","background-media":"","overlay-type":"","overlay-color":"","overlay-opacity":"","overlay-gradient":""},"tablet":{"background-color":"","background-image":"","background-repeat":"repeat","background-position":"center center","background-size":"auto","background-attachment":"scroll","background-type":"","background-media":"","overlay-type":"","overlay-color":"","overlay-opacity":"","overlay-gradient":""},"mobile":{"background-color":"","background-image":"","background-repeat":"repeat","background-position":"center center","background-size":"auto","background-attachment":"scroll","background-type":"","background-media":"","overlay-type":"","overlay-color":"","overlay-opacity":"","overlay-gradient":""}},"ast-content-background-meta":{"desktop":{"background-color":"var(--ast-global-color-5)","background-image":"","background-repeat":"repeat","background-position":"center center","background-size":"auto","background-attachment":"scroll","background-type":"","background-media":"","overlay-type":"","overlay-color":"","overlay-opacity":"","overlay-gradient":""},"tablet":{"background-color":"var(--ast-global-color-5)","background-image":"","background-repeat":"repeat","background-position":"center center","background-size":"auto","background-attachment":"scroll","background-type":"","background-media":"","overlay-type":"","overlay-color":"","overlay-opacity":"","overlay-gradient":""},"mobile":{"background-color":"var(--ast-global-color-5)","background-image":"","background-repeat":"repeat","background-position":"center center","background-size":"auto","background-attachment":"scroll","background-type":"","background-media":"","overlay-type":"","overlay-color":"","overlay-opacity":"","overlay-gradient":""}},"footnotes":""},"class_list":["post-7425","page","type-page","status-publish","has-post-thumbnail","hentry"],"_links":{"self":[{"href":"https:\/\/kaiboi.com\/es\/wp-json\/wp\/v2\/pages\/7425","targetHints":{"allow":["GET"]}}],"collection":[{"href":"https:\/\/kaiboi.com\/es\/wp-json\/wp\/v2\/pages"}],"about":[{"href":"https:\/\/kaiboi.com\/es\/wp-json\/wp\/v2\/types\/page"}],"author":[{"embeddable":true,"href":"https:\/\/kaiboi.com\/es\/wp-json\/wp\/v2\/users\/1"}],"replies":[{"embeddable":true,"href":"https:\/\/kaiboi.com\/es\/wp-json\/wp\/v2\/comments?post=7425"}],"version-history":[{"count":0,"href":"https:\/\/kaiboi.com\/es\/wp-json\/wp\/v2\/pages\/7425\/revisions"}],"wp:featuredmedia":[{"embeddable":true,"href":"https:\/\/kaiboi.com\/es\/wp-json\/wp\/v2\/media\/6238"}],"wp:attachment":[{"href":"https:\/\/kaiboi.com\/es\/wp-json\/wp\/v2\/media?parent=7425"}],"curies":[{"name":"wp","href":"https:\/\/api.w.org\/{rel}","templated":true}]}}