{"id":6038,"date":"2025-01-18T02:14:45","date_gmt":"2025-01-18T02:14:45","guid":{"rendered":"https:\/\/kaiboi.com\/?page_id=6038"},"modified":"2025-06-14T17:01:30","modified_gmt":"2025-06-14T17:01:30","slug":"helical-gear-reducer","status":"publish","type":"page","link":"https:\/\/kaiboi.com\/es\/helical-gear-reducer\/","title":{"rendered":"Reductor de engranajes cil\u00edndricos"},"content":{"rendered":"<div data-elementor-type=\"wp-page\" data-elementor-id=\"6038\" class=\"elementor elementor-6038\" data-elementor-post-type=\"page\">\n\t\t\t\t<div class=\"elementor-element elementor-element-4a550b97 e-flex e-con-boxed e-con e-parent\" data-id=\"4a550b97\" data-element_type=\"container\" data-e-type=\"container\">\n\t\t\t\t\t<div class=\"e-con-inner\">\n\t\t<div class=\"elementor-element elementor-element-4e8bd30b e-con-full e-flex e-con e-child\" data-id=\"4e8bd30b\" data-element_type=\"container\" data-e-type=\"container\">\n\t\t\t\t<div class=\"elementor-element elementor-element-170d6fc9 elementor-widget elementor-widget-image-carousel\" data-id=\"170d6fc9\" data-element_type=\"widget\" data-e-type=\"widget\" data-settings=\"{&quot;slides_to_show&quot;:&quot;1&quot;,&quot;navigation&quot;:&quot;none&quot;,&quot;autoplay_speed&quot;:500,&quot;autoplay&quot;:&quot;yes&quot;,&quot;pause_on_hover&quot;:&quot;yes&quot;,&quot;pause_on_interaction&quot;:&quot;yes&quot;,&quot;infinite&quot;:&quot;yes&quot;,&quot;effect&quot;:&quot;slide&quot;,&quot;speed&quot;:500}\" data-widget_type=\"image-carousel.default\">\n\t\t\t\t<div class=\"elementor-widget-container\">\n\t\t\t\t\t\t\t<div class=\"elementor-image-carousel-wrapper swiper\" role=\"region\" aria-roledescription=\"carousel\" aria-label=\"\u56fe\u50cf\u8f6e\u64ad\" dir=\"ltr\">\n\t\t\t<div class=\"elementor-image-carousel swiper-wrapper\" aria-live=\"off\">\n\t\t\t\t\t\t\t\t<div class=\"swiper-slide\" role=\"group\" aria-roledescription=\"slide\" aria-label=\"1 of 4\"><figure class=\"swiper-slide-inner\"><img data-opt-id=1613113008  fetchpriority=\"high\" decoding=\"async\" class=\"swiper-slide-image\" src=\"https:\/\/mltsnlgrb38g.i.optimole.com\/cb:AU9O.daf\/w:600\/h:488\/q:mauto\/f:best\/https:\/\/kaiboi.com\/wp-content\/uploads\/2025\/04\/helical-gear-reducer-4-e1748195367301.png\" alt=\"KAIBO Product Display Images-reductor de engranajes cil\u00edndricos-4\" \/><\/figure><\/div><div class=\"swiper-slide\" role=\"group\" aria-roledescription=\"slide\" aria-label=\"2 of 4\"><figure class=\"swiper-slide-inner\"><img data-opt-id=1832931722  fetchpriority=\"high\" decoding=\"async\" class=\"swiper-slide-image\" src=\"https:\/\/mltsnlgrb38g.i.optimole.com\/cb:AU9O.daf\/w:600\/h:570\/q:mauto\/f:best\/https:\/\/kaiboi.com\/wp-content\/uploads\/2025\/04\/helical-gear-reducer-3-e1748195355435.png\" alt=\"KAIBO Product Display Images - Reductor de engranajes cil\u00edndricos\" \/><\/figure><\/div><div class=\"swiper-slide\" role=\"group\" aria-roledescription=\"slide\" aria-label=\"3 of 4\"><figure class=\"swiper-slide-inner\"><img data-opt-id=1340239788  data-opt-src=\"https:\/\/mltsnlgrb38g.i.optimole.com\/cb:AU9O.daf\/w:600\/h:392\/q:mauto\/f:best\/https:\/\/kaiboi.com\/wp-content\/uploads\/2025\/04\/helical-gear-reducer-2-e1748195345110.png\"  decoding=\"async\" class=\"swiper-slide-image\" src=\"data:image/svg+xml,%3Csvg%20viewBox%3D%220%200%20600%20392%22%20width%3D%22600%22%20height%3D%22392%22%20xmlns%3D%22http%3A%2F%2Fwww.w3.org%2F2000%2Fsvg%22%3E%3Crect%20width%3D%22600%22%20height%3D%22392%22%20fill%3D%22transparent%22%2F%3E%3C%2Fsvg%3E\" alt=\"KAIBO Product Display Images - Reductor de tornillo sin fin\" \/><\/figure><\/div><div class=\"swiper-slide\" role=\"group\" aria-roledescription=\"slide\" aria-label=\"4 of 4\"><figure class=\"swiper-slide-inner\"><img data-opt-id=1527793209  data-opt-src=\"https:\/\/mltsnlgrb38g.i.optimole.com\/cb:AU9O.daf\/w:600\/h:429\/q:mauto\/f:best\/https:\/\/kaiboi.com\/wp-content\/uploads\/2025\/04\/helical-gear-reducer-1-e1748195377907.png\"  decoding=\"async\" class=\"swiper-slide-image\" src=\"data:image/svg+xml,%3Csvg%20viewBox%3D%220%200%20600%20429%22%20width%3D%22600%22%20height%3D%22429%22%20xmlns%3D%22http%3A%2F%2Fwww.w3.org%2F2000%2Fsvg%22%3E%3Crect%20width%3D%22600%22%20height%3D%22429%22%20fill%3D%22transparent%22%2F%3E%3C%2Fsvg%3E\" alt=\"KAIBO Product Display Images-reductor de engranajes cil\u00edndricos 1\" \/><\/figure><\/div>\t\t\t<\/div>\n\t\t\t\t\t\t\t\n\t\t\t\t\t\t\t\t\t<\/div>\n\t\t\t\t\t\t<\/div>\n\t\t\t\t<\/div>\n\t\t\t\t<div class=\"elementor-element elementor-element-e6ca698 elementor-widget elementor-widget-heading\" data-id=\"e6ca698\" data-element_type=\"widget\" data-e-type=\"widget\" data-widget_type=\"heading.default\">\n\t\t\t\t<div class=\"elementor-widget-container\">\n\t\t\t\t\t<h2 class=\"elementor-heading-title elementor-size-default\">Proceso de selecci\u00f3n r\u00e1pida en 3 pasos<\/h2>\t\t\t\t<\/div>\n\t\t\t\t<\/div>\n\t\t\t\t<div class=\"elementor-element elementor-element-d666645 elementor-widget elementor-widget-text-editor\" data-id=\"d666645\" data-element_type=\"widget\" data-e-type=\"widget\" data-widget_type=\"text-editor.default\">\n\t\t\t\t<div class=\"elementor-widget-container\">\n\t\t\t\t\t\t\t\t\t<ul><li><strong>Identificar el tipo de aplicaci\u00f3n<\/strong>: Especifique el sector (por ejemplo, manipulaci\u00f3n de materiales, embalaje) y las caracter\u00edsticas de la carga (est\u00e1tica\/din\u00e1mica).<\/li><li><strong>Compartir datos t\u00e9cnicos<\/strong>: Indique la velocidad de entrada, la relaci\u00f3n de transmisi\u00f3n necesaria y el par de salida. Nuestros ingenieros le recomendar\u00e1n modelos en 24 horas.<\/li><li><strong>Solicitar soluciones personalizadas<\/strong>: Para necesidades especiales (carcasa de acero inoxidable, antideflagrante, alta temperatura), dise\u00f1os a medida con plazos de entrega de 4 a 6 semanas.<\/li><\/ul>\t\t\t\t\t\t\t\t<\/div>\n\t\t\t\t<\/div>\n\t\t\t\t<div class=\"elementor-element elementor-element-517201f elementor-widget elementor-widget-heading\" data-id=\"517201f\" data-element_type=\"widget\" data-e-type=\"widget\" data-widget_type=\"heading.default\">\n\t\t\t\t<div class=\"elementor-widget-container\">\n\t\t\t\t\t<h2 class=\"elementor-heading-title elementor-size-default\">Listo para revitalizar su proceso\uff1f Hablemos<\/h2>\t\t\t\t<\/div>\n\t\t\t\t<\/div>\n\t\t\t\t<div class=\"elementor-element elementor-element-e4a3fe7 elementor-widget elementor-widget-text-editor\" data-id=\"e4a3fe7\" data-element_type=\"widget\" data-e-type=\"widget\" data-widget_type=\"text-editor.default\">\n\t\t\t\t<div class=\"elementor-widget-container\">\n\t\t\t\t\t\t\t\t\t<p><strong data-cici-select-uid=\"cd7d46a1-a331-420c-b54e-cc7d7858b940\">\u00a0\ud83c\udf0e Visita\u00a0<\/strong><b>Nuestro sitio web:<\/b>\u00a0<a class=\"link-_G3LTk\" href=\"https:\/\/kaiboi.com\/es\/\" target=\"_blank\" rel=\"noopener\" data-cici-select-uid=\"35a1e581-792c-4916-8131-0a51d60554e8\">https:\/\/kaiboi.com<\/a><\/p><p><strong data-cici-select-uid=\"382d5d09-afeb-4c2e-80c3-6424b9fe6ed1\">\u00a0\ud83d\udce7 \u00a0<\/strong><b>Solicite un presupuesto:<\/b>\u00a0<a href=\"mailto:info@kaiboi.com\">info@kaiboi.com<\/a><\/p><p>\u00a0\ud83d\udcc2 \u00a0<strong data-cici-select-uid=\"382d5d09-afeb-4c2e-80c3-6424b9fe6ed1\">Descargar gratis <\/strong>: <a href=\"https:\/\/kaiboi.com\/wp-content\/uploads\/2025\/05\/Helical-Gear-Reducer-Selection-manual-.pdf\">Reductor de engranajes cil\u00edndricos Manual de selecci\u00f3n.PDF<\/a><\/p>\t\t\t\t\t\t\t\t<\/div>\n\t\t\t\t<\/div>\n\t\t\t\t<\/div>\n\t\t<div class=\"elementor-element elementor-element-3186252d e-con-full e-flex e-con e-child\" data-id=\"3186252d\" data-element_type=\"container\" data-e-type=\"container\">\n\t\t\t\t<div class=\"elementor-element elementor-element-74534c36 elementor-widget elementor-widget-heading\" data-id=\"74534c36\" data-element_type=\"widget\" data-e-type=\"widget\" data-widget_type=\"heading.default\">\n\t\t\t\t<div class=\"elementor-widget-container\">\n\t\t\t\t\t<h1 class=\"elementor-heading-title elementor-size-default\">Reductor de engranajes cil\u00edndricos<\/h1>\t\t\t\t<\/div>\n\t\t\t\t<\/div>\n\t\t\t\t<div class=\"elementor-element elementor-element-34b97ca3 elementor-widget elementor-widget-text-editor\" data-id=\"34b97ca3\" data-element_type=\"widget\" data-e-type=\"widget\" data-widget_type=\"text-editor.default\">\n\t\t\t\t<div class=\"elementor-widget-container\">\n\t\t\t\t\t\t\t\t\t<p style=\"font-weight: 400;\">El reductor de engranajes cil\u00edndricos de alta eficiencia de KAIBO, una soluci\u00f3n con certificaci\u00f3n ISO 9001 dise\u00f1ada a medida para sistemas de transmisi\u00f3n industriales, afronta los retos de la transmisi\u00f3n de cargas pesadas con una fiabilidad inigualable. Fabricado con engranajes helicoidales de precisi\u00f3n de 20CrMnTi y una carcasa de hierro d\u00factil, este reductor garantiza una eficiencia operativa de 97%, reduciendo los costes energ\u00e9ticos en 20% en sistemas transportadores y permitiendo el funcionamiento a alta velocidad en maquinaria de envasado. Como fabricante l\u00edder de reductores de engranajes cil\u00edndricos, KAIBO integra un dise\u00f1o de perfil de diente evolvente para minimizar la vibraci\u00f3n y el ruido (\u226472dB sin carga), lo que lo hace ideal para aplicaciones industriales continuas que requieren una transmisi\u00f3n de potencia suave y fiable.<\/p>\t\t\t\t\t\t\t\t<\/div>\n\t\t\t\t<\/div>\n\t\t\t\t<div class=\"elementor-element elementor-element-73ec33c elementor-widget elementor-widget-heading\" data-id=\"73ec33c\" data-element_type=\"widget\" data-e-type=\"widget\" data-widget_type=\"heading.default\">\n\t\t\t\t<div class=\"elementor-widget-container\">\n\t\t\t\t\t<h2 class=\"elementor-heading-title elementor-size-default\">Principales ventajas<\/h2>\t\t\t\t<\/div>\n\t\t\t\t<\/div>\n\t\t\t\t<div class=\"elementor-element elementor-element-3ecaa6b elementor-widget elementor-widget-text-editor\" data-id=\"3ecaa6b\" data-element_type=\"widget\" data-e-type=\"widget\" data-widget_type=\"text-editor.default\">\n\t\t\t\t<div class=\"elementor-widget-container\">\n\t\t\t\t\t\t\t\t\t<ul class=\"auto-hide-last-sibling-br\" data-cici-select-uid=\"866ef85c-64cd-478d-a02f-fc462f561b7d\"><li data-cici-select-uid=\"5f86f63c-39f5-4d04-bfc5-85f8d203499e\"><strong data-cici-select-uid=\"22432dce-7ed2-4fcd-aae6-ac69ffedd33b\">Carcasa de aleaci\u00f3n de alta resistencia<\/strong>: Construcci\u00f3n de hierro d\u00factil resistente a la deformaci\u00f3n y la corrosi\u00f3n, adecuada para entornos industriales dif\u00edciles.<\/li><li data-cici-select-uid=\"5e0f5a3b-cf7b-40ec-b837-4804ca475da0\"><strong data-cici-select-uid=\"00ae744c-1c4a-46dc-84c2-c0a4b40fe9b0\">Engranajes helicoidales de precisi\u00f3n<\/strong>: Los engranajes de aleaci\u00f3n de 20CrMnTi con tratamiento t\u00e9rmico y superficies dentadas rectificadas garantizan un juego m\u00ednimo y una distribuci\u00f3n \u00f3ptima de la carga.<\/li><li data-cici-select-uid=\"3dfb90a1-ba29-4081-b583-30e96749d8b5\"><strong data-cici-select-uid=\"21c23836-2df6-480a-b370-74d3024601f0\">Dise\u00f1o de accionamiento personalizado<\/strong>: Dise\u00f1adas para soportar cargas axiales\/radiales, poleas de gran di\u00e1metro y ejes de gran resistencia.<\/li><li data-cici-select-uid=\"b6134fd5-3373-4463-b37e-7e56e87f6372\"><strong data-cici-select-uid=\"1d783fc2-aaf3-46ab-b166-51ef79dd2e7b\">Funcionamiento ultra silencioso<\/strong>: \u226472dB (sin carga a 1m) debido al engranaje helicoidal de los dientes, superando los est\u00e1ndares de ruido de la industria.<\/li><li data-cici-select-uid=\"8ad9c78b-2e6a-43c6-aaeb-33fe79af25e7\"><strong data-cici-select-uid=\"a04a9c8e-9880-4f7d-abdb-e80b8d6664fc\">Rigurosas pruebas de calidad<\/strong>: Cada unidad se somete a ciclos de carga, an\u00e1lisis t\u00e9rmicos y pruebas de vibraci\u00f3n para garantizar m\u00e1s de 80.000 horas de vida \u00fatil.<\/li><\/ul>\t\t\t\t\t\t\t\t<\/div>\n\t\t\t\t<\/div>\n\t\t\t\t<div class=\"elementor-element elementor-element-c0d89fa elementor-widget elementor-widget-heading\" data-id=\"c0d89fa\" data-element_type=\"widget\" data-e-type=\"widget\" data-widget_type=\"heading.default\">\n\t\t\t\t<div class=\"elementor-widget-container\">\n\t\t\t\t\t<h2 class=\"elementor-heading-title elementor-size-default\">Escenarios de aplicaci\u00f3n<\/h2>\t\t\t\t<\/div>\n\t\t\t\t<\/div>\n\t\t\t\t<div class=\"elementor-element elementor-element-370e7db elementor-widget elementor-widget-text-editor\" data-id=\"370e7db\" data-element_type=\"widget\" data-e-type=\"widget\" data-widget_type=\"text-editor.default\">\n\t\t\t\t<div class=\"elementor-widget-container\">\n\t\t\t\t\t\t\t\t\t<ul class=\"auto-hide-last-sibling-br\" data-cici-select-uid=\"f1bc8331-9e20-4120-92e0-160267d781c5\"><li data-cici-select-uid=\"8ba60e57-1f20-42d7-9469-5dcd8ec925a4\"><strong data-cici-select-uid=\"ad0938e7-f88b-41ad-a72b-771b8841a505\">Transportadores de manipulaci\u00f3n de materiales<\/strong>: Sistemas de transporte de carb\u00f3n, grano y paquetes que requieren un par constante.<\/li><li data-cici-select-uid=\"701cb79e-0175-4fb8-a0b5-164bb33eeee5\"><strong data-cici-select-uid=\"1e80789f-298f-4df2-bc73-a81208eeb80f\">Maquinaria de envasado<\/strong>: L\u00edneas de etiquetado, embotellado y estuchado de alta velocidad con control preciso de la velocidad.<\/li><li data-cici-select-uid=\"c580aab6-9150-417d-ba66-3d602e471a71\"><strong data-cici-select-uid=\"a25f4f12-defb-46d4-ad70-c36cd4ffc122\">Equipos de procesamiento de alimentos<\/strong>: Mezcladoras, extrusoras y clasificadoras con opciones de dise\u00f1o sanitario.<\/li><li data-cici-select-uid=\"34ef7bb4-38f2-4790-8946-1230c148eade\"><strong data-cici-select-uid=\"b1aad573-733d-4bdb-9481-676079e0ccec\">Miner\u00eda y construcci\u00f3n<\/strong>: Trituradoras, cintas transportadoras y plataformas de perforaci\u00f3n en entornos de trabajo pesado.<\/li><li data-cici-select-uid=\"9aaae055-8e61-45e2-bea9-71558036ef95\"><strong data-cici-select-uid=\"8c9192f6-f569-44ba-b720-25218efa64c3\">Fabricaci\u00f3n de autom\u00f3viles<\/strong>: Brazos rob\u00f3ticos, l\u00edneas de montaje y equipos de ensayo con accionamientos de alta precisi\u00f3n.<\/li><\/ul>\t\t\t\t\t\t\t\t<\/div>\n\t\t\t\t<\/div>\n\t\t\t\t<\/div>\n\t\t\t\t\t<\/div>\n\t\t\t\t<\/div>\n\t\t\t\t<\/div>","protected":false},"excerpt":{"rendered":"<p>3-Step Quick Selection Process Identify Application Type: Specify industry (e.g., material handling, packaging) and load characteristics (static\/dynamic). Share Technical Data: Provide input speed, required gear ratio, and output torque. Our engineers will recommend models within 24 hours. Request Custom Solutions: For special needs (stainless steel housing, explosion-proof, high-temperature), tailored designs with 4\u20136 week lead times. [&hellip;]<\/p>","protected":false},"author":1,"featured_media":6229,"parent":0,"menu_order":0,"comment_status":"closed","ping_status":"closed","template":"","meta":{"site-sidebar-layout":"no-sidebar","site-content-layout":"page-builder","ast-site-content-layout":"full-width-container","site-content-style":"default","site-sidebar-style":"default","ast-global-header-display":"","ast-banner-title-visibility":"","ast-main-header-display":"","ast-hfb-above-header-display":"","ast-hfb-below-header-display":"","ast-hfb-mobile-header-display":"","site-post-title":"disabled","ast-breadcrumbs-content":"","ast-featured-img":"disabled","footer-sml-layout":"","theme-transparent-header-meta":"","adv-header-id-meta":"","stick-header-meta":"","header-above-stick-meta":"","header-main-stick-meta":"","header-below-stick-meta":"","astra-migrate-meta-layouts":"set","ast-page-background-enabled":"default","ast-page-background-meta":{"desktop":{"background-color":"var(--ast-global-color-4)","background-image":"","background-repeat":"repeat","background-position":"center center","background-size":"auto","background-attachment":"scroll","background-type":"","background-media":"","overlay-type":"","overlay-color":"","overlay-opacity":"","overlay-gradient":""},"tablet":{"background-color":"","background-image":"","background-repeat":"repeat","background-position":"center center","background-size":"auto","background-attachment":"scroll","background-type":"","background-media":"","overlay-type":"","overlay-color":"","overlay-opacity":"","overlay-gradient":""},"mobile":{"background-color":"","background-image":"","background-repeat":"repeat","background-position":"center center","background-size":"auto","background-attachment":"scroll","background-type":"","background-media":"","overlay-type":"","overlay-color":"","overlay-opacity":"","overlay-gradient":""}},"ast-content-background-meta":{"desktop":{"background-color":"var(--ast-global-color-5)","background-image":"","background-repeat":"repeat","background-position":"center center","background-size":"auto","background-attachment":"scroll","background-type":"","background-media":"","overlay-type":"","overlay-color":"","overlay-opacity":"","overlay-gradient":""},"tablet":{"background-color":"var(--ast-global-color-5)","background-image":"","background-repeat":"repeat","background-position":"center center","background-size":"auto","background-attachment":"scroll","background-type":"","background-media":"","overlay-type":"","overlay-color":"","overlay-opacity":"","overlay-gradient":""},"mobile":{"background-color":"var(--ast-global-color-5)","background-image":"","background-repeat":"repeat","background-position":"center center","background-size":"auto","background-attachment":"scroll","background-type":"","background-media":"","overlay-type":"","overlay-color":"","overlay-opacity":"","overlay-gradient":""}},"footnotes":""},"class_list":["post-6038","page","type-page","status-publish","has-post-thumbnail","hentry"],"_links":{"self":[{"href":"https:\/\/kaiboi.com\/es\/wp-json\/wp\/v2\/pages\/6038","targetHints":{"allow":["GET"]}}],"collection":[{"href":"https:\/\/kaiboi.com\/es\/wp-json\/wp\/v2\/pages"}],"about":[{"href":"https:\/\/kaiboi.com\/es\/wp-json\/wp\/v2\/types\/page"}],"author":[{"embeddable":true,"href":"https:\/\/kaiboi.com\/es\/wp-json\/wp\/v2\/users\/1"}],"replies":[{"embeddable":true,"href":"https:\/\/kaiboi.com\/es\/wp-json\/wp\/v2\/comments?post=6038"}],"version-history":[{"count":0,"href":"https:\/\/kaiboi.com\/es\/wp-json\/wp\/v2\/pages\/6038\/revisions"}],"wp:featuredmedia":[{"embeddable":true,"href":"https:\/\/kaiboi.com\/es\/wp-json\/wp\/v2\/media\/6229"}],"wp:attachment":[{"href":"https:\/\/kaiboi.com\/es\/wp-json\/wp\/v2\/media?parent=6038"}],"curies":[{"name":"wp","href":"https:\/\/api.w.org\/{rel}","templated":true}]}}