{"id":5870,"date":"2024-12-15T08:11:09","date_gmt":"2024-12-15T08:11:09","guid":{"rendered":"https:\/\/kaiboi.com\/?page_id=5870"},"modified":"2025-06-13T09:01:42","modified_gmt":"2025-06-13T09:01:42","slug":"zero-gravity-mixer-reducer","status":"publish","type":"page","link":"https:\/\/kaiboi.com\/es\/zero-gravity-mixer-reducer\/","title":{"rendered":"Mezclador reductor de gravedad cero"},"content":{"rendered":"<div data-elementor-type=\"wp-page\" data-elementor-id=\"5870\" class=\"elementor elementor-5870\" data-elementor-post-type=\"page\">\n\t\t\t\t<div class=\"elementor-element elementor-element-404e77 e-flex e-con-boxed e-con e-parent\" data-id=\"404e77\" data-element_type=\"container\" data-e-type=\"container\">\n\t\t\t\t\t<div class=\"e-con-inner\">\n\t\t<div class=\"elementor-element elementor-element-f8014b e-con-full e-flex e-con e-child\" data-id=\"f8014b\" data-element_type=\"container\" data-e-type=\"container\">\n\t\t\t\t<div class=\"elementor-element elementor-element-287a529a elementor-widget elementor-widget-image-carousel\" data-id=\"287a529a\" data-element_type=\"widget\" data-e-type=\"widget\" data-settings=\"{&quot;slides_to_show&quot;:&quot;1&quot;,&quot;navigation&quot;:&quot;none&quot;,&quot;autoplay_speed&quot;:500,&quot;autoplay&quot;:&quot;yes&quot;,&quot;pause_on_hover&quot;:&quot;yes&quot;,&quot;pause_on_interaction&quot;:&quot;yes&quot;,&quot;infinite&quot;:&quot;yes&quot;,&quot;effect&quot;:&quot;slide&quot;,&quot;speed&quot;:500}\" data-widget_type=\"image-carousel.default\">\n\t\t\t\t<div class=\"elementor-widget-container\">\n\t\t\t\t\t\t\t<div class=\"elementor-image-carousel-wrapper swiper\" role=\"region\" aria-roledescription=\"carousel\" aria-label=\"\u56fe\u50cf\u8f6e\u64ad\" dir=\"ltr\">\n\t\t\t<div class=\"elementor-image-carousel swiper-wrapper\" aria-live=\"off\">\n\t\t\t\t\t\t\t\t<div class=\"swiper-slide\" role=\"group\" aria-roledescription=\"slide\" aria-label=\"1 of 1\"><figure class=\"swiper-slide-inner\"><img data-opt-id=1779787000  fetchpriority=\"high\" decoding=\"async\" class=\"swiper-slide-image\" src=\"https:\/\/mltsnlgrb38g.i.optimole.com\/cb:AU9O.daf\/w:600\/h:418\/q:mauto\/f:best\/https:\/\/kaiboi.com\/wp-content\/uploads\/2025\/06\/Zero-Gravity-Mixer-reducer.jpg\" alt=\"KAIBO Product Display Images-Zero-Gravity Mixer reducer\" \/><\/figure><\/div>\t\t\t<\/div>\n\t\t\t\t\t<\/div>\n\t\t\t\t\t\t<\/div>\n\t\t\t\t<\/div>\n\t\t\t\t<div class=\"elementor-element elementor-element-6e32589f elementor-icon-list--layout-traditional elementor-list-item-link-full_width elementor-widget elementor-widget-icon-list\" data-id=\"6e32589f\" data-element_type=\"widget\" data-e-type=\"widget\" data-widget_type=\"icon-list.default\">\n\t\t\t\t<div class=\"elementor-widget-container\">\n\t\t\t\t\t\t\t<ul class=\"elementor-icon-list-items\">\n\t\t\t\t\t\t\t<li class=\"elementor-icon-list-item\">\n\t\t\t\t\t\t\t\t\t\t\t<a href=\"https:\/\/kaiboi.com\/wp-content\/uploads\/2025\/05\/Zero-Gravity-Mixers-Reducer-Selection-Manual.pdf\">\n\n\t\t\t\t\t\t\t\t\t\t\t\t<span class=\"elementor-icon-list-icon\">\n\t\t\t\t\t\t\t<i aria-hidden=\"true\" class=\"icon icon-folder-1\"><\/i>\t\t\t\t\t\t<\/span>\n\t\t\t\t\t\t\t\t\t\t<span class=\"elementor-icon-list-text\">Mezcladoras de gravedad cero Manual de selecci\u00f3n de reductores<\/span>\n\t\t\t\t\t\t\t\t\t\t\t<\/a>\n\t\t\t\t\t\t\t\t\t<\/li>\n\t\t\t\t\t\t<\/ul>\n\t\t\t\t\t\t<\/div>\n\t\t\t\t<\/div>\n\t\t\t\t<\/div>\n\t\t<div class=\"elementor-element elementor-element-56c20bf9 e-con-full e-flex e-con e-child\" data-id=\"56c20bf9\" data-element_type=\"container\" data-e-type=\"container\">\n\t\t\t\t<div class=\"elementor-element elementor-element-21a99d0e elementor-widget elementor-widget-heading\" data-id=\"21a99d0e\" data-element_type=\"widget\" data-e-type=\"widget\" data-widget_type=\"heading.default\">\n\t\t\t\t<div class=\"elementor-widget-container\">\n\t\t\t\t\t<h2 class=\"elementor-heading-title elementor-size-default\">Mezclador reductor de gravedad cero<\/h2>\t\t\t\t<\/div>\n\t\t\t\t<\/div>\n\t\t\t\t<div class=\"elementor-element elementor-element-3c150423 elementor-widget elementor-widget-text-editor\" data-id=\"3c150423\" data-element_type=\"widget\" data-e-type=\"widget\" data-widget_type=\"text-editor.default\">\n\t\t\t\t<div class=\"elementor-widget-container\">\n\t\t\t\t\t\t\t\t\t<ul><li><strong>La velocidad del eje de entrada de nuestro mezclador reductor de gravedad cero no supera las 1500 RPM.<\/strong><\/li><li><strong>La temperatura de trabajo es de -10 ~ 40 \u2103, y la altitud es inferior a 1000m \u00a0<\/strong><\/li><li><strong>La relaci\u00f3n de transmisi\u00f3n nominal se detalla en el cat\u00e1logo de productos, y tambi\u00e9n puede ajustarse en funci\u00f3n de las necesidades del usuario.<\/strong><\/li><\/ul><p style=\"font-weight: 400;\">Normalmente, el reductor se monta verticalmente en el dep\u00f3sito agitador. Adem\u00e1s de transmitir el par, tambi\u00e9n absorbe las cargas axiales y radiales que se producen como consecuencia de las especificaciones de la aplicaci\u00f3n. Para ello, nuestros reductores para accionamientos de agitadores disponen de un eje de salida reforzado y rodamientos con contacto de rodadura. A veces, las cargas axiales que hay que absorber son a\u00fan mayores. En este caso, podemos suministrar soluciones de reductores con un rodamiento axial adicional.<\/p><p style=\"font-weight: 400;\"><strong>Sus ventajas de un vistazo<\/strong><\/p><ul><li>Alta fiabilidad operativa<\/li><li>Rodamientos reforzados<\/li><li>Carcasa de engranaje opcional sin fuerza gracias al cojinete de empuje adicional<\/li><li>Posibilidad de versiones personalizadas, brida especial en el lado de salida para montaje en el agitador<\/li><li>Ejes de salida extrafuertes (dise\u00f1o de eje macizo o hueco)<\/li><li>Rodamiento de salida con rodamientos axiales bidireccionales adicionales<\/li><\/ul><p style=\"font-weight: 400;\"><strong>Aplicaci\u00f3n<\/strong><\/p><ul><li>Industrias qu\u00edmica, farmac\u00e9utica, cosm\u00e9tica y alimentaria<\/li><\/ul>\t\t\t\t\t\t\t\t<\/div>\n\t\t\t\t<\/div>\n\t\t\t\t<\/div>\n\t\t\t\t\t<\/div>\n\t\t\t\t<\/div>\n\t\t\t\t<\/div>","protected":false},"excerpt":{"rendered":"<p>Zero-Gravity Mixers Reducer Selection Manual Zero-Gravity Mixer Reducer Our zero-gravity mixer reducer input shaft speed is no higher than 1500 RPM The working temperature is -10 ~ 40 \u2103, and the altitude is below 1000m \u00a0 The rated transmission ratio is detailed in the product catalogue, and can also be adjusted according to user needs [&hellip;]<\/p>","protected":false},"author":1,"featured_media":7581,"parent":0,"menu_order":0,"comment_status":"closed","ping_status":"closed","template":"","meta":{"site-sidebar-layout":"no-sidebar","site-content-layout":"page-builder","ast-site-content-layout":"full-width-container","site-content-style":"default","site-sidebar-style":"default","ast-global-header-display":"","ast-banner-title-visibility":"","ast-main-header-display":"","ast-hfb-above-header-display":"","ast-hfb-below-header-display":"","ast-hfb-mobile-header-display":"","site-post-title":"disabled","ast-breadcrumbs-content":"","ast-featured-img":"disabled","footer-sml-layout":"","theme-transparent-header-meta":"","adv-header-id-meta":"","stick-header-meta":"","header-above-stick-meta":"","header-main-stick-meta":"","header-below-stick-meta":"","astra-migrate-meta-layouts":"set","ast-page-background-enabled":"default","ast-page-background-meta":{"desktop":{"background-color":"var(--ast-global-color-4)","background-image":"","background-repeat":"repeat","background-position":"center center","background-size":"auto","background-attachment":"scroll","background-type":"","background-media":"","overlay-type":"","overlay-color":"","overlay-opacity":"","overlay-gradient":""},"tablet":{"background-color":"","background-image":"","background-repeat":"repeat","background-position":"center center","background-size":"auto","background-attachment":"scroll","background-type":"","background-media":"","overlay-type":"","overlay-color":"","overlay-opacity":"","overlay-gradient":""},"mobile":{"background-color":"","background-image":"","background-repeat":"repeat","background-position":"center center","background-size":"auto","background-attachment":"scroll","background-type":"","background-media":"","overlay-type":"","overlay-color":"","overlay-opacity":"","overlay-gradient":""}},"ast-content-background-meta":{"desktop":{"background-color":"var(--ast-global-color-5)","background-image":"","background-repeat":"repeat","background-position":"center center","background-size":"auto","background-attachment":"scroll","background-type":"","background-media":"","overlay-type":"","overlay-color":"","overlay-opacity":"","overlay-gradient":""},"tablet":{"background-color":"var(--ast-global-color-5)","background-image":"","background-repeat":"repeat","background-position":"center center","background-size":"auto","background-attachment":"scroll","background-type":"","background-media":"","overlay-type":"","overlay-color":"","overlay-opacity":"","overlay-gradient":""},"mobile":{"background-color":"var(--ast-global-color-5)","background-image":"","background-repeat":"repeat","background-position":"center center","background-size":"auto","background-attachment":"scroll","background-type":"","background-media":"","overlay-type":"","overlay-color":"","overlay-opacity":"","overlay-gradient":""}},"footnotes":""},"class_list":["post-5870","page","type-page","status-publish","has-post-thumbnail","hentry"],"_links":{"self":[{"href":"https:\/\/kaiboi.com\/es\/wp-json\/wp\/v2\/pages\/5870","targetHints":{"allow":["GET"]}}],"collection":[{"href":"https:\/\/kaiboi.com\/es\/wp-json\/wp\/v2\/pages"}],"about":[{"href":"https:\/\/kaiboi.com\/es\/wp-json\/wp\/v2\/types\/page"}],"author":[{"embeddable":true,"href":"https:\/\/kaiboi.com\/es\/wp-json\/wp\/v2\/users\/1"}],"replies":[{"embeddable":true,"href":"https:\/\/kaiboi.com\/es\/wp-json\/wp\/v2\/comments?post=5870"}],"version-history":[{"count":0,"href":"https:\/\/kaiboi.com\/es\/wp-json\/wp\/v2\/pages\/5870\/revisions"}],"wp:featuredmedia":[{"embeddable":true,"href":"https:\/\/kaiboi.com\/es\/wp-json\/wp\/v2\/media\/7581"}],"wp:attachment":[{"href":"https:\/\/kaiboi.com\/es\/wp-json\/wp\/v2\/media?parent=5870"}],"curies":[{"name":"wp","href":"https:\/\/api.w.org\/{rel}","templated":true}]}}