{"id":5803,"date":"2024-12-14T17:01:23","date_gmt":"2024-12-14T17:01:23","guid":{"rendered":"https:\/\/kaiboi.com\/?page_id=5803"},"modified":"2025-06-14T19:09:52","modified_gmt":"2025-06-14T19:09:52","slug":"extruder-gearbox","status":"publish","type":"page","link":"https:\/\/kaiboi.com\/es\/extruder-gearbox\/","title":{"rendered":"Caja de engranajes del extrusor"},"content":{"rendered":"<div data-elementor-type=\"wp-page\" data-elementor-id=\"5803\" class=\"elementor elementor-5803\" data-elementor-post-type=\"page\">\n\t\t\t\t<div class=\"elementor-element elementor-element-c2721a0 e-flex e-con-boxed e-con e-parent\" data-id=\"c2721a0\" data-element_type=\"container\" data-e-type=\"container\">\n\t\t\t\t\t<div class=\"e-con-inner\">\n\t\t<div class=\"elementor-element elementor-element-cfa8a34 e-con-full e-flex e-con e-child\" data-id=\"cfa8a34\" data-element_type=\"container\" data-e-type=\"container\">\n\t\t\t\t<div class=\"elementor-element elementor-element-069a98d elementor-widget elementor-widget-image-carousel\" data-id=\"069a98d\" data-element_type=\"widget\" data-e-type=\"widget\" data-settings=\"{&quot;slides_to_show&quot;:&quot;1&quot;,&quot;navigation&quot;:&quot;none&quot;,&quot;autoplay_speed&quot;:500,&quot;autoplay&quot;:&quot;yes&quot;,&quot;pause_on_hover&quot;:&quot;yes&quot;,&quot;pause_on_interaction&quot;:&quot;yes&quot;,&quot;infinite&quot;:&quot;yes&quot;,&quot;effect&quot;:&quot;slide&quot;,&quot;speed&quot;:500}\" data-widget_type=\"image-carousel.default\">\n\t\t\t\t<div class=\"elementor-widget-container\">\n\t\t\t\t\t\t\t<div class=\"elementor-image-carousel-wrapper swiper\" role=\"region\" aria-roledescription=\"carousel\" aria-label=\"\u56fe\u50cf\u8f6e\u64ad\" dir=\"ltr\">\n\t\t\t<div class=\"elementor-image-carousel swiper-wrapper\" aria-live=\"off\">\n\t\t\t\t\t\t\t\t<div class=\"swiper-slide\" role=\"group\" aria-roledescription=\"slide\" aria-label=\"1 of 5\"><figure class=\"swiper-slide-inner\"><img data-opt-id=1190466854  fetchpriority=\"high\" decoding=\"async\" class=\"swiper-slide-image\" src=\"https:\/\/mltsnlgrb38g.i.optimole.com\/cb:AU9O.daf\/w:600\/h:545\/q:mauto\/f:best\/https:\/\/kaiboi.com\/wp-content\/uploads\/2025\/04\/single-screw-extrusion-gearboxes-e1748195480972.png\" alt=\"KAIBO Product Display Images-caja de engranajes de extrusi\u00f3n monohusillo\" \/><\/figure><\/div><div class=\"swiper-slide\" role=\"group\" aria-roledescription=\"slide\" aria-label=\"2 of 5\"><figure class=\"swiper-slide-inner\"><img data-opt-id=358106475  fetchpriority=\"high\" decoding=\"async\" class=\"swiper-slide-image\" src=\"https:\/\/mltsnlgrb38g.i.optimole.com\/cb:AU9O.daf\/w:auto\/h:auto\/q:mauto\/f:best\/https:\/\/kaiboi.com\/wp-content\/uploads\/2025\/04\/single-screw-extrusion-gearbox-e1748195422580.png\" alt=\"\" \/><\/figure><\/div><div class=\"swiper-slide\" role=\"group\" aria-roledescription=\"slide\" aria-label=\"3 of 5\"><figure class=\"swiper-slide-inner\"><img data-opt-id=2003724589  data-opt-src=\"https:\/\/mltsnlgrb38g.i.optimole.com\/cb:AU9O.daf\/w:600\/h:413\/q:mauto\/f:best\/https:\/\/kaiboi.com\/wp-content\/uploads\/2025\/04\/medium-and-low-gearbox-e1748195406322.png\"  decoding=\"async\" class=\"swiper-slide-image\" src=\"data:image/svg+xml,%3Csvg%20viewBox%3D%220%200%20600%20413%22%20width%3D%22600%22%20height%3D%22413%22%20xmlns%3D%22http%3A%2F%2Fwww.w3.org%2F2000%2Fsvg%22%3E%3Crect%20width%3D%22600%22%20height%3D%22413%22%20fill%3D%22transparent%22%2F%3E%3C%2Fsvg%3E\" alt=\"KAIBO Product Display Images- Reductor para extrusora de doble husillo\" \/><\/figure><\/div><div class=\"swiper-slide\" role=\"group\" aria-roledescription=\"slide\" aria-label=\"4 of 5\"><figure class=\"swiper-slide-inner\"><img data-opt-id=826833953  data-opt-src=\"https:\/\/mltsnlgrb38g.i.optimole.com\/cb:AU9O.daf\/w:600\/h:363\/q:mauto\/f:best\/https:\/\/kaiboi.com\/wp-content\/uploads\/2025\/04\/high-torque-gearbox-e1748195395917.png\"  decoding=\"async\" class=\"swiper-slide-image\" src=\"data:image/svg+xml,%3Csvg%20viewBox%3D%220%200%20600%20363%22%20width%3D%22600%22%20height%3D%22363%22%20xmlns%3D%22http%3A%2F%2Fwww.w3.org%2F2000%2Fsvg%22%3E%3Crect%20width%3D%22600%22%20height%3D%22363%22%20fill%3D%22transparent%22%2F%3E%3C%2Fsvg%3E\" alt=\"KAIBO Product Display Images-extrusora de engranajes\" \/><\/figure><\/div><div class=\"swiper-slide\" role=\"group\" aria-roledescription=\"slide\" aria-label=\"5 of 5\"><figure class=\"swiper-slide-inner\"><img data-opt-id=417873197  data-opt-src=\"https:\/\/mltsnlgrb38g.i.optimole.com\/cb:AU9O.daf\/w:600\/h:417\/q:mauto\/f:best\/https:\/\/kaiboi.com\/wp-content\/uploads\/2025\/04\/1-e1748240751517.png\"  decoding=\"async\" class=\"swiper-slide-image\" src=\"data:image/svg+xml,%3Csvg%20viewBox%3D%220%200%20600%20417%22%20width%3D%22600%22%20height%3D%22417%22%20xmlns%3D%22http%3A%2F%2Fwww.w3.org%2F2000%2Fsvg%22%3E%3Crect%20width%3D%22600%22%20height%3D%22417%22%20fill%3D%22transparent%22%2F%3E%3C%2Fsvg%3E\" alt=\"KAIBO Product Display Images - Reductor de alto par para extrusoras\" \/><\/figure><\/div>\t\t\t<\/div>\n\t\t\t\t\t\t\t\n\t\t\t\t\t\t\t\t\t<\/div>\n\t\t\t\t\t\t<\/div>\n\t\t\t\t<\/div>\n\t\t\t\t<div class=\"elementor-element elementor-element-6c59b7f elementor-widget elementor-widget-heading\" data-id=\"6c59b7f\" data-element_type=\"widget\" data-e-type=\"widget\" data-widget_type=\"heading.default\">\n\t\t\t\t<div class=\"elementor-widget-container\">\n\t\t\t\t\t<h2 class=\"elementor-heading-title elementor-size-default\">Proceso de selecci\u00f3n r\u00e1pida en 3 pasos<\/h2>\t\t\t\t<\/div>\n\t\t\t\t<\/div>\n\t\t\t\t<div class=\"elementor-element elementor-element-924f265 elementor-widget elementor-widget-text-editor\" data-id=\"924f265\" data-element_type=\"widget\" data-e-type=\"widget\" data-widget_type=\"text-editor.default\">\n\t\t\t\t<div class=\"elementor-widget-container\">\n\t\t\t\t\t\t\t\t\t<ul><li><strong>Identificar el tipo de equipo<\/strong>: Especifique si es para granulaci\u00f3n, pel\u00edcula fundida o extrusi\u00f3n de l\u00e1minas para adaptarse a los requisitos de carga.<\/li><li><strong>Compartir par\u00e1metros b\u00e1sicos<\/strong>: Indique la velocidad de entrada, la relaci\u00f3n de transmisi\u00f3n deseada y el par de salida. Nuestros ingenieros le recomendar\u00e1n modelos en 24 horas.<\/li><li><strong>Solicitar soluciones personalizadas<\/strong>: Para necesidades exclusivas (resistencia a altas temperaturas, dise\u00f1os a prueba de explosiones o interfaces no est\u00e1ndar), ofrecemos soluciones a medida con plazos de entrega de 4 a 6 semanas.<\/li><\/ul>\t\t\t\t\t\t\t\t<\/div>\n\t\t\t\t<\/div>\n\t\t\t\t<div class=\"elementor-element elementor-element-d98c722 elementor-widget elementor-widget-heading\" data-id=\"d98c722\" data-element_type=\"widget\" data-e-type=\"widget\" data-widget_type=\"heading.default\">\n\t\t\t\t<div class=\"elementor-widget-container\">\n\t\t\t\t\t<h2 class=\"elementor-heading-title elementor-size-default\">Listo para revitalizar su proceso de extrusi\u00f3n\uff1f Hablemos<\/h2>\t\t\t\t<\/div>\n\t\t\t\t<\/div>\n\t\t\t\t<div class=\"elementor-element elementor-element-e373446 elementor-widget elementor-widget-text-editor\" data-id=\"e373446\" data-element_type=\"widget\" data-e-type=\"widget\" data-widget_type=\"text-editor.default\">\n\t\t\t\t<div class=\"elementor-widget-container\">\n\t\t\t\t\t\t\t\t\t<p><strong data-cici-select-uid=\"cd7d46a1-a331-420c-b54e-cc7d7858b940\">\u00a0\ud83c\udf0e Visita\u00a0<\/strong><b>Nuestro sitio web:<\/b>\u00a0<a class=\"link-_G3LTk\" href=\"https:\/\/kaiboi.com\/es\/\" target=\"_blank\" rel=\"noopener\" data-cici-select-uid=\"35a1e581-792c-4916-8131-0a51d60554e8\">https:\/\/kaiboi.com<\/a><\/p><p><strong data-cici-select-uid=\"382d5d09-afeb-4c2e-80c3-6424b9fe6ed1\">\u00a0\ud83d\udce7 \u00a0<\/strong><b>Solicite un presupuesto:<\/b>\u00a0<a href=\"mailto:info@kaiboi.com\">info@kaiboi.com<\/a><\/p><p>\u00a0\ud83d\udcc2 \u00a0<strong data-cici-select-uid=\"382d5d09-afeb-4c2e-80c3-6424b9fe6ed1\">Descargar gratis <\/strong>: <a href=\"https:\/\/kaiboi.com\/wp-content\/uploads\/2025\/05\/Extruder-Gearbox-Selection-Manual.pdf\">Manual De Selecci\u00f3n De Reductores Para Extrusoras.PDF<\/a><\/p>\t\t\t\t\t\t\t\t<\/div>\n\t\t\t\t<\/div>\n\t\t\t\t<\/div>\n\t\t<div class=\"elementor-element elementor-element-0585bf0 e-con-full e-flex e-con e-child\" data-id=\"0585bf0\" data-element_type=\"container\" data-e-type=\"container\">\n\t\t\t\t<div class=\"elementor-element elementor-element-1a295a8 elementor-widget elementor-widget-heading\" data-id=\"1a295a8\" data-element_type=\"widget\" data-e-type=\"widget\" data-widget_type=\"heading.default\">\n\t\t\t\t<div class=\"elementor-widget-container\">\n\t\t\t\t\t<h1 class=\"elementor-heading-title elementor-size-default\">Caja de engranajes del extrusor<\/h1>\t\t\t\t<\/div>\n\t\t\t\t<\/div>\n\t\t\t\t<div class=\"elementor-element elementor-element-415013e elementor-widget elementor-widget-text-editor\" data-id=\"415013e\" data-element_type=\"widget\" data-e-type=\"widget\" data-widget_type=\"text-editor.default\">\n\t\t\t\t<div class=\"elementor-widget-container\">\n\t\t\t\t\t\t\t\t\t<p style=\"font-weight: 400;\">La caja de engranajes para extrusoras de KAIBO, una soluci\u00f3n con certificaci\u00f3n ISO 9001 dise\u00f1ada a medida para extrusoras de pl\u00e1stico (sistemas de granulaci\u00f3n, l\u00edneas de film fundido y m\u00e1quinas de extrusi\u00f3n de l\u00e1minas), aborda los retos de la transmisi\u00f3n de potencia de alta carga con una fiabilidad inigualable. Fabricada con rectificado de engranajes de precisi\u00f3n 18CrNiMo7-6 y una carcasa de hierro d\u00factil, esta caja de engranajes garantiza una eficiencia operativa 98%, reduciendo los costes energ\u00e9ticos en 15% en la granulaci\u00f3n de PP\/PE y permitiendo la producci\u00f3n de pel\u00edcula a alta velocidad a 200m\/min. Su nivel de ruido de \u226475dB (sin carga) y su robusto dise\u00f1o, respaldados por la experiencia de KAIBO como fabricante l\u00edder de reductores para extrusoras, la hacen ideal para aplicaciones industriales continuas en las que la durabilidad y la precisi\u00f3n no son negociables.<\/p>\t\t\t\t\t\t\t\t<\/div>\n\t\t\t\t<\/div>\n\t\t\t\t<div class=\"elementor-element elementor-element-d0cf6ff elementor-widget elementor-widget-heading\" data-id=\"d0cf6ff\" data-element_type=\"widget\" data-e-type=\"widget\" data-widget_type=\"heading.default\">\n\t\t\t\t<div class=\"elementor-widget-container\">\n\t\t\t\t\t<h2 class=\"elementor-heading-title elementor-size-default\">Principales ventajas<\/h2>\t\t\t\t<\/div>\n\t\t\t\t<\/div>\n\t\t\t\t<div class=\"elementor-element elementor-element-dbceeae elementor-widget elementor-widget-text-editor\" data-id=\"dbceeae\" data-element_type=\"widget\" data-e-type=\"widget\" data-widget_type=\"text-editor.default\">\n\t\t\t\t<div class=\"elementor-widget-container\">\n\t\t\t\t\t\t\t\t\t<ul><li data-cici-select-uid=\"58555c50-4508-49ab-b379-db96f4327a67\"><strong data-cici-select-uid=\"59e2982f-1c77-4985-bcab-cebf1c422686\">Carcasa de aleaci\u00f3n de alta resistencia y hierro d\u00factil<\/strong>: Dise\u00f1ado para resistir la deformaci\u00f3n y la corrosi\u00f3n, garantizando la estabilidad a largo plazo incluso con cargas pesadas.<\/li><li data-cici-select-uid=\"faa845b9-dea3-4771-88e7-1526901acdf6\"><strong data-cici-select-uid=\"9920ed0e-5560-4913-b3d5-7eea4cd87833\">Engranajes de aleaci\u00f3n rectificados con precisi\u00f3n<\/strong>: Tratados t\u00e9rmicamente para una dureza \u00f3ptima, estos engranajes proporcionan una transmisi\u00f3n de potencia suave con un desgaste m\u00ednimo.<\/li><li data-cici-select-uid=\"526fa0c0-e457-42c4-a27e-ec6fb2ceec13\"><strong data-cici-select-uid=\"ea21a934-160f-40ad-b6ad-bb27295ef685\">Ingenier\u00eda de extrusoras a medida<\/strong>: Dise\u00f1ado para soportar altas cargas axiales\/radiales, estabilizando tornillos grandes para una calidad de extrusi\u00f3n constante.<\/li><li data-cici-select-uid=\"b9affa5c-76c0-4710-833a-af0ce78bfca1\"><strong data-cici-select-uid=\"3fe2c252-84d9-4225-9089-7f7aed2fed61\">Funcionamiento ultra silencioso<\/strong>: \u226475dB (sin carga a 1m) conseguido gracias a la optimizaci\u00f3n de los perfiles de los dientes de los engranajes y la din\u00e1mica de la carcasa.<\/li><li data-cici-select-uid=\"fa1759c2-71ea-4e58-a4b0-df9e2b0ea56c\"><strong data-cici-select-uid=\"340b4d1b-540a-4420-b4bf-c86b41cc3ddb\">Rigurosas pruebas de calidad<\/strong>: Cada caja de engranajes se somete a pruebas de carga din\u00e1mica, an\u00e1lisis de vibraciones y ciclos t\u00e9rmicos para garantizar un mantenimiento m\u00ednimo y una vida \u00fatil de m\u00e1s de 10.000 horas.<\/li><\/ul>\t\t\t\t\t\t\t\t<\/div>\n\t\t\t\t<\/div>\n\t\t\t\t<div class=\"elementor-element elementor-element-12d5129 elementor-widget elementor-widget-heading\" data-id=\"12d5129\" data-element_type=\"widget\" data-e-type=\"widget\" data-widget_type=\"heading.default\">\n\t\t\t\t<div class=\"elementor-widget-container\">\n\t\t\t\t\t<h2 class=\"elementor-heading-title elementor-size-default\">Escenarios de aplicaci\u00f3n<\/h2>\t\t\t\t<\/div>\n\t\t\t\t<\/div>\n\t\t\t\t<div class=\"elementor-element elementor-element-c42a89c elementor-widget elementor-widget-text-editor\" data-id=\"c42a89c\" data-element_type=\"widget\" data-e-type=\"widget\" data-widget_type=\"text-editor.default\">\n\t\t\t\t<div class=\"elementor-widget-container\">\n\t\t\t\t\t\t\t\t\t<ul class=\"auto-hide-last-sibling-br\" data-cici-select-uid=\"4656b2ae-570f-43d7-b049-0bb2f3d69e20\"><li data-cici-select-uid=\"71bc70ea-2777-4586-8ecc-ec58d9daf402\"><strong data-cici-select-uid=\"dd123c28-49c0-40d9-bd24-bbbd26714698\">Granulaci\u00f3n de PP\/PE<\/strong>: Accionamientos de tornillo de alta velocidad para una granulaci\u00f3n eficaz en el reciclaje y la fabricaci\u00f3n.<\/li><li data-cici-select-uid=\"fdc062a8-aef5-48d1-922c-614915281844\"><strong data-cici-select-uid=\"7aae0cea-9af6-4d1c-a904-84a6a5c0cfe7\">L\u00edneas de pel\u00edcula colada de alta velocidad<\/strong>: Control de espesor de precisi\u00f3n para pel\u00edculas utilizadas en los sectores del envasado, la agricultura y la medicina.<\/li><li data-cici-select-uid=\"d8e5ae57-1ecb-4082-a54a-559bd7d7171f\"><strong data-cici-select-uid=\"78939aa7-c097-4330-966d-cf98e2b9619c\">Extrusi\u00f3n de l\u00e1minas para cargas pesadas<\/strong>: Producci\u00f3n de l\u00e1minas de ABS\/PVC para aplicaciones de construcci\u00f3n, automoci\u00f3n e industriales.<\/li><li data-cici-select-uid=\"6c8cc7c0-9cf8-43c3-b50c-3cd3b22af3e2\"><strong data-cici-select-uid=\"f616b2b5-ae36-48e6-af5b-292dd3fe2bc5\">Sistemas de producci\u00f3n energ\u00e9ticamente eficientes<\/strong>: Ideal para operaciones 24\/7, reduciendo la huella de carbono y los costes operativos.<\/li><\/ul>\t\t\t\t\t\t\t\t<\/div>\n\t\t\t\t<\/div>\n\t\t\t\t<\/div>\n\t\t\t\t\t<\/div>\n\t\t\t\t<\/div>\n\t\t\t\t<\/div>","protected":false},"excerpt":{"rendered":"<p>3-Step Quick Selection Process Identify Equipment Type: Specify whether for granulation, cast film, or sheet extrusion to match load requirements. Share Core Parameters: Provide input speed, desired gear ratio, and output torque. Our engineers will recommend models within 24 hours. Request Custom Solutions: For unique needs (high-temperature resistance, explosion-proof designs, or non-standard interfaces), we offer [&hellip;]<\/p>","protected":false},"author":1,"featured_media":6235,"parent":0,"menu_order":0,"comment_status":"closed","ping_status":"closed","template":"","meta":{"site-sidebar-layout":"no-sidebar","site-content-layout":"page-builder","ast-site-content-layout":"full-width-container","site-content-style":"default","site-sidebar-style":"default","ast-global-header-display":"","ast-banner-title-visibility":"","ast-main-header-display":"","ast-hfb-above-header-display":"","ast-hfb-below-header-display":"","ast-hfb-mobile-header-display":"","site-post-title":"disabled","ast-breadcrumbs-content":"","ast-featured-img":"disabled","footer-sml-layout":"","theme-transparent-header-meta":"","adv-header-id-meta":"","stick-header-meta":"","header-above-stick-meta":"","header-main-stick-meta":"","header-below-stick-meta":"","astra-migrate-meta-layouts":"set","ast-page-background-enabled":"default","ast-page-background-meta":{"desktop":{"background-color":"var(--ast-global-color-4)","background-image":"","background-repeat":"repeat","background-position":"center center","background-size":"auto","background-attachment":"scroll","background-type":"","background-media":"","overlay-type":"","overlay-color":"","overlay-opacity":"","overlay-gradient":""},"tablet":{"background-color":"","background-image":"","background-repeat":"repeat","background-position":"center center","background-size":"auto","background-attachment":"scroll","background-type":"","background-media":"","overlay-type":"","overlay-color":"","overlay-opacity":"","overlay-gradient":""},"mobile":{"background-color":"","background-image":"","background-repeat":"repeat","background-position":"center center","background-size":"auto","background-attachment":"scroll","background-type":"","background-media":"","overlay-type":"","overlay-color":"","overlay-opacity":"","overlay-gradient":""}},"ast-content-background-meta":{"desktop":{"background-color":"var(--ast-global-color-5)","background-image":"","background-repeat":"repeat","background-position":"center center","background-size":"auto","background-attachment":"scroll","background-type":"","background-media":"","overlay-type":"","overlay-color":"","overlay-opacity":"","overlay-gradient":""},"tablet":{"background-color":"var(--ast-global-color-5)","background-image":"","background-repeat":"repeat","background-position":"center center","background-size":"auto","background-attachment":"scroll","background-type":"","background-media":"","overlay-type":"","overlay-color":"","overlay-opacity":"","overlay-gradient":""},"mobile":{"background-color":"var(--ast-global-color-5)","background-image":"","background-repeat":"repeat","background-position":"center center","background-size":"auto","background-attachment":"scroll","background-type":"","background-media":"","overlay-type":"","overlay-color":"","overlay-opacity":"","overlay-gradient":""}},"footnotes":""},"class_list":["post-5803","page","type-page","status-publish","has-post-thumbnail","hentry"],"_links":{"self":[{"href":"https:\/\/kaiboi.com\/es\/wp-json\/wp\/v2\/pages\/5803","targetHints":{"allow":["GET"]}}],"collection":[{"href":"https:\/\/kaiboi.com\/es\/wp-json\/wp\/v2\/pages"}],"about":[{"href":"https:\/\/kaiboi.com\/es\/wp-json\/wp\/v2\/types\/page"}],"author":[{"embeddable":true,"href":"https:\/\/kaiboi.com\/es\/wp-json\/wp\/v2\/users\/1"}],"replies":[{"embeddable":true,"href":"https:\/\/kaiboi.com\/es\/wp-json\/wp\/v2\/comments?post=5803"}],"version-history":[{"count":0,"href":"https:\/\/kaiboi.com\/es\/wp-json\/wp\/v2\/pages\/5803\/revisions"}],"wp:featuredmedia":[{"embeddable":true,"href":"https:\/\/kaiboi.com\/es\/wp-json\/wp\/v2\/media\/6235"}],"wp:attachment":[{"href":"https:\/\/kaiboi.com\/es\/wp-json\/wp\/v2\/media?parent=5803"}],"curies":[{"name":"wp","href":"https:\/\/api.w.org\/{rel}","templated":true}]}}